
{"id":81441,"date":"2025-04-24T15:23:42","date_gmt":"2025-04-24T13:23:42","guid":{"rendered":"https:\/\/fdr.at\/bueroreal\/"},"modified":"2025-04-24T15:23:42","modified_gmt":"2025-04-24T13:23:42","slug":"bueroreal","status":"publish","type":"page","link":"https:\/\/fdr.at\/en\/bueroreal\/","title":{"rendered":"B\u00fcroREAL"},"content":{"rendered":"\n<p><strong>B\u00fcroREAL&#13;\n<\/strong><br\/><div id=\"meta-origin\" data-coolorigin=\"https%3A%2F%2Fcollabora.servus.at%2Fcool%2Fclipboard%3FWOPISrc%3Dhttps%253A%252F%252Fcloud.servus.at%252Findex.php%252Fapps%252Frichdocuments%252Fwopi%252Ffiles%252F6569131_ocfbd0d6edd5%26ServerId%3D7c528f10%26ViewId%3D4%26Tag%3Dcbb7edde8a2aa1b7\">From April 2025 on, B\u00fcroREAL on the town square in Braunau has been a lively meeting place for art, society and creative exchange. Even before the Festival of the Regions, B\u00fcroREAL opens its doors to anyone interested in creative processes and collaborative design. Here, the festival team, artists, committed individuals and citizens find a space to share their thoughts, wishes and ideas. B\u00fcroREAL promotes dialogue between people of different backgrounds and age groups and thus actively contributes to shaping the Festival of the Regions.&#13;\nEvery second Wednesday, B\u00fcroREAL becomes a real center for dialogue and collaboration. Workshops, exciting discussions and inspiring encounters take place here, where ideas for a sustainable society are developed \u2013 always characterized by openness, creativity and community exchange.<\/div><\/p>\n\n<p>B\u00fcroREAL is more than just a project. It is a place where art and social issues are brought together to strengthen the community. It plays an active role in the realization and further development of the themes of the Festival of the Regions. <\/p>\n","protected":false},"excerpt":{"rendered":"<p>B\u00fcroREAL&#13; From April 2025 on, B\u00fcroREAL on the town square in Braunau has been a lively meeting place for art, society and creative exchange. Even before the Festival of the Regions, B\u00fcroREAL opens its doors to anyone interested in creative processes and collaborative design. Here, the festival team, artists, committed individuals and citizens find a&#8230; <a class=\"read-more\" href=\"https:\/\/fdr.at\/en\/bueroreal\/\">weiterlesen<\/a><\/p>\n","protected":false},"author":12,"featured_media":0,"parent":0,"menu_order":0,"comment_status":"closed","ping_status":"closed","template":"","meta":{"_acf_changed":false,"footnotes":""},"class_list":["post-81441","page","type-page","status-publish","hentry"],"acf":[],"yoast_head":"<!-- This site is optimized with the Yoast SEO plugin v27.4 - https:\/\/yoast.com\/product\/yoast-seo-wordpress\/ -->\n<title>B\u00fcroREAL - Festival der Regionen<\/title>\n<meta name=\"robots\" content=\"index, follow, max-snippet:-1, max-image-preview:large, max-video-preview:-1\" \/>\n<link rel=\"canonical\" href=\"https:\/\/fdr.at\/en\/bueroreal\/\" \/>\n<meta property=\"og:locale\" content=\"en_US\" \/>\n<meta property=\"og:type\" content=\"article\" \/>\n<meta property=\"og:title\" content=\"B\u00fcroREAL - Festival der Regionen\" \/>\n<meta property=\"og:description\" content=\"B\u00fcroREAL&#013; From April 2025 on, B\u00fcroREAL on the town square in Braunau has been a lively meeting place for art, society and creative exchange. Even before the Festival of the Regions, B\u00fcroREAL opens its doors to anyone interested in creative processes and collaborative design. Here, the festival team, artists, committed individuals and citizens find a... weiterlesen\" \/>\n<meta property=\"og:url\" content=\"https:\/\/fdr.at\/en\/bueroreal\/\" \/>\n<meta property=\"og:site_name\" content=\"Festival der Regionen\" \/>\n<meta name=\"twitter:card\" content=\"summary_large_image\" \/>\n<meta name=\"twitter:label1\" content=\"Est. reading time\" \/>\n\t<meta name=\"twitter:data1\" content=\"1 minute\" \/>\n<script type=\"application\/ld+json\" class=\"yoast-schema-graph\">{\"@context\":\"https:\\\/\\\/schema.org\",\"@graph\":[{\"@type\":\"WebPage\",\"@id\":\"https:\\\/\\\/fdr.at\\\/en\\\/bueroreal\\\/\",\"url\":\"https:\\\/\\\/fdr.at\\\/en\\\/bueroreal\\\/\",\"name\":\"B\u00fcroREAL - Festival der Regionen\",\"isPartOf\":{\"@id\":\"https:\\\/\\\/fdr.at\\\/en\\\/#website\"},\"datePublished\":\"2025-04-24T13:23:42+00:00\",\"breadcrumb\":{\"@id\":\"https:\\\/\\\/fdr.at\\\/en\\\/bueroreal\\\/#breadcrumb\"},\"inLanguage\":\"en-US\",\"potentialAction\":[{\"@type\":\"ReadAction\",\"target\":[\"https:\\\/\\\/fdr.at\\\/en\\\/bueroreal\\\/\"]}]},{\"@type\":\"BreadcrumbList\",\"@id\":\"https:\\\/\\\/fdr.at\\\/en\\\/bueroreal\\\/#breadcrumb\",\"itemListElement\":[{\"@type\":\"ListItem\",\"position\":1,\"name\":\"Home\",\"item\":\"https:\\\/\\\/fdr.at\\\/en\\\/\"},{\"@type\":\"ListItem\",\"position\":2,\"name\":\"B\u00fcroREAL\"}]},{\"@type\":\"WebSite\",\"@id\":\"https:\\\/\\\/fdr.at\\\/en\\\/#website\",\"url\":\"https:\\\/\\\/fdr.at\\\/en\\\/\",\"name\":\"Festival der Regionen\",\"description\":\"\",\"potentialAction\":[{\"@type\":\"SearchAction\",\"target\":{\"@type\":\"EntryPoint\",\"urlTemplate\":\"https:\\\/\\\/fdr.at\\\/en\\\/?s={search_term_string}\"},\"query-input\":{\"@type\":\"PropertyValueSpecification\",\"valueRequired\":true,\"valueName\":\"search_term_string\"}}],\"inLanguage\":\"en-US\"}]}<\/script>\n<!-- \/ Yoast SEO plugin. -->","yoast_head_json":{"title":"B\u00fcroREAL - Festival der Regionen","robots":{"index":"index","follow":"follow","max-snippet":"max-snippet:-1","max-image-preview":"max-image-preview:large","max-video-preview":"max-video-preview:-1"},"canonical":"https:\/\/fdr.at\/en\/bueroreal\/","og_locale":"en_US","og_type":"article","og_title":"B\u00fcroREAL - Festival der Regionen","og_description":"B\u00fcroREAL&#13; From April 2025 on, B\u00fcroREAL on the town square in Braunau has been a lively meeting place for art, society and creative exchange. Even before the Festival of the Regions, B\u00fcroREAL opens its doors to anyone interested in creative processes and collaborative design. Here, the festival team, artists, committed individuals and citizens find a... weiterlesen","og_url":"https:\/\/fdr.at\/en\/bueroreal\/","og_site_name":"Festival der Regionen","twitter_card":"summary_large_image","twitter_misc":{"Est. reading time":"1 minute"},"schema":{"@context":"https:\/\/schema.org","@graph":[{"@type":"WebPage","@id":"https:\/\/fdr.at\/en\/bueroreal\/","url":"https:\/\/fdr.at\/en\/bueroreal\/","name":"B\u00fcroREAL - Festival der Regionen","isPartOf":{"@id":"https:\/\/fdr.at\/en\/#website"},"datePublished":"2025-04-24T13:23:42+00:00","breadcrumb":{"@id":"https:\/\/fdr.at\/en\/bueroreal\/#breadcrumb"},"inLanguage":"en-US","potentialAction":[{"@type":"ReadAction","target":["https:\/\/fdr.at\/en\/bueroreal\/"]}]},{"@type":"BreadcrumbList","@id":"https:\/\/fdr.at\/en\/bueroreal\/#breadcrumb","itemListElement":[{"@type":"ListItem","position":1,"name":"Home","item":"https:\/\/fdr.at\/en\/"},{"@type":"ListItem","position":2,"name":"B\u00fcroREAL"}]},{"@type":"WebSite","@id":"https:\/\/fdr.at\/en\/#website","url":"https:\/\/fdr.at\/en\/","name":"Festival der Regionen","description":"","potentialAction":[{"@type":"SearchAction","target":{"@type":"EntryPoint","urlTemplate":"https:\/\/fdr.at\/en\/?s={search_term_string}"},"query-input":{"@type":"PropertyValueSpecification","valueRequired":true,"valueName":"search_term_string"}}],"inLanguage":"en-US"}]}},"_links":{"self":[{"href":"https:\/\/fdr.at\/en\/wp-json\/wp\/v2\/pages\/81441","targetHints":{"allow":["GET"]}}],"collection":[{"href":"https:\/\/fdr.at\/en\/wp-json\/wp\/v2\/pages"}],"about":[{"href":"https:\/\/fdr.at\/en\/wp-json\/wp\/v2\/types\/page"}],"author":[{"embeddable":true,"href":"https:\/\/fdr.at\/en\/wp-json\/wp\/v2\/users\/12"}],"replies":[{"embeddable":true,"href":"https:\/\/fdr.at\/en\/wp-json\/wp\/v2\/comments?post=81441"}],"version-history":[{"count":1,"href":"https:\/\/fdr.at\/en\/wp-json\/wp\/v2\/pages\/81441\/revisions"}],"predecessor-version":[{"id":81442,"href":"https:\/\/fdr.at\/en\/wp-json\/wp\/v2\/pages\/81441\/revisions\/81442"}],"wp:attachment":[{"href":"https:\/\/fdr.at\/en\/wp-json\/wp\/v2\/media?parent=81441"}],"curies":[{"name":"wp","href":"https:\/\/api.w.org\/{rel}","templated":true}]}}