
{"id":73328,"date":"2023-07-27T12:13:07","date_gmt":"2023-07-27T10:13:07","guid":{"rendered":"https:\/\/fdr.at\/thanks\/"},"modified":"2023-07-27T12:15:35","modified_gmt":"2023-07-27T10:15:35","slug":"thanks","status":"publish","type":"page","link":"https:\/\/fdr.at\/en\/thanks\/","title":{"rendered":"THANKS"},"content":{"rendered":"\n<p><strong>* High time to say THANK YOU<\/strong><\/p>\n\n\n\n<p>Even after 30 years, the Festival of Regions has not tired of promoting experimental, innovative art and cultural projects, developing them in the region and providing surprises. <\/p>\n\n\n\n<p>The FdR 2023 began brilliantly (in the words of LH Stelzer) in Horn\u00ed Dvo\u0159i\u0161t\u011b and ended the following weekend at the KLANGfestival in Gallneukirchen. <\/p>\n\n\n\n<p>With its numerous and multi-layered socio-cultural encounter formats, the FdR strengthened its position as the most important and largest arts and culture festival of the independent scene in Upper Austria. <\/p>\n\n\n\n<p><strong>12 Locations<\/strong> <br><strong>150 Artists<\/strong> <br><strong>80 further participants<\/strong> <br><strong>with a total of 52 projects<\/strong> <br><strong>13 Project cooperations<\/strong> <br><strong>13 Media cooperations<\/strong> <br><strong>11 Sponsoring cooperations<\/strong> <br><strong>23 Supporters\/sponsoring partners\/partners <\/strong><br><strong>and around 13,500 visitors<\/strong><\/p>\n\n\n\n<p>In addition, well over 100,000 people were reached via partner media, social media platforms and TV\/radio. <\/p>\n\n\n\n<p>We would like to THANK YOU very much for your patience &amp; good cooperation! <\/p>\n\n\n\n<p>With kind regards \r\nthe whole team of the Festival of the Regions<\/p>\n\n\n\n<figure class=\"wp-block-image size-full\"><img loading=\"lazy\" decoding=\"async\" width=\"1280\" height=\"746\" src=\"https:\/\/fdr.at\/wp-content\/uploads\/2023\/07\/danke-bild-web.jpg\" alt=\"\" class=\"wp-image-73313\" srcset=\"https:\/\/fdr.at\/wp-content\/uploads\/2023\/07\/danke-bild-web.jpg 1280w, https:\/\/fdr.at\/wp-content\/uploads\/2023\/07\/danke-bild-web-600x350.jpg 600w, https:\/\/fdr.at\/wp-content\/uploads\/2023\/07\/danke-bild-web-300x175.jpg 300w, https:\/\/fdr.at\/wp-content\/uploads\/2023\/07\/danke-bild-web-768x448.jpg 768w\" sizes=\"auto, (max-width: 1280px) 100vw, 1280px\" \/><\/figure>\n\n\n\n<p><strong>THANKS TO:<\/strong><\/p>\n\n\n\n<p><strong>Sponsors, Supporters &amp; Partners<\/strong><\/p>\n\n\n\n<p>Land Ober\u00f6sterreich \/ BMK\u00d6S \/ AK-Kultur \/ Stadt Linz \/ ZukunftsFonds \/ Bundesministerium f\u00fcr Umwelt \/ O\u00d6VV \/ \u00d6BB \/ Moviemento \/ Kino Freistadt \/ Klima B\u00fcndnis \/ communale o\u00f6 \/ SCH\u00c4XPIR \/ KV Trib\u00fcne \/ Kupfticket.com \/ \u010cesk\u00e9 dr\u00e1hy<\/p>\n\n\n\n<p><strong>Sponsors &amp; Friends<\/strong>\r\nHoneder \/ Bio Kaffer\u00f6sterei Kurt Traxler \/ Papplap \/ Most und Mehr \/ Firma Weissel \/ Cafe Kowalski \/ Gutsverwaaltung Wentzel \/ Die Donauwirtinnen \/ Fernet Hunter \/ Freist\u00e4dter Bier \/ Irx-Wasser \/ Duschlbauer Reisen \/ BigScreen \/ Resch &amp; Frisch \/ Cafe Suchan \/ Flora Pondtemporary \/ STWST \/ bb15 \/ VolkshilfeShop \/ Kunstuniversit\u00e4t Linz \/ Bewusstseinsregion \/ Lagerhaus \/ Zeugf\u00e4rberei \/ Local B\u00fchne Freistadt<\/p>\n\n\n\n<p><strong>Media cooperation<\/strong>\r\nO\u00d6N \/ Tips.at \/ Freies Radio Freistadt \/ Radio Fro \/ Radio O\u00d6 \/ \u00d61 \/ DORFTV \/ subtext \/ esel.at \/ Parnass Kunstmagazin \/ Kupfzeitung \/ Springerin<\/p>\n\n\n\n<p><strong>Municipalities &amp; Mayors<\/strong>\r\n<a href=\"https:\/\/www.steyregg.at\/\">Steyregg &amp; Pulgarn<\/a> \/ <a href=\"https:\/\/st-georgen-an-der-gusen.gem2go.page\/system\/web\/default.aspx?sprache=1\">St. Georgen an der Gusen<\/a> \/ <a href=\"http:\/\/www.katsdorf.at\/\">Katsdorf &amp; Lungitz<\/a> \/ <a href=\"https:\/\/www.wartberg-aist.at\/\">Wartberg ob der Aist<\/a> \/ <a href=\"https:\/\/www.pregarten.at\/\">Pregarten<\/a> \/ <a href=\"https:\/\/www.kefermarkt.ooe.gv.at\/\">Kefermarkt<\/a> \/ <a href=\"https:\/\/rainbach.at\/\">Rainbach im M\u00fchlkreis<\/a> \/ <a href=\"https:\/\/www.lasberg.at\/\">Lasberg<\/a> \/ <a href=\"https:\/\/www.gallneukirchen.at\/\">Gallneukirchen<\/a> \/ <a href=\"https:\/\/www.freistadt.at\/de\">Freistadt<\/a> \/ <a href=\"https:\/\/www.linz.at\/\">Linz<\/a> \/ <a href=\"https:\/\/www.hornidvoriste.cz\/\">Horn\u00ed Dvo\u0159i\u0161t\u011b<\/a><\/p>\n\n\n\n<p><strong>Team &amp; Organisation<\/strong><\/p>\n\n\n\n<p><strong>Programme board<\/strong><br>Davide Bevilacqua, Fina Esslinger, Mario Friedwagner, Marlene Hausegger &amp; Janina Wegscheider<\/p>\n\n\n\n<p><strong>Team<\/strong><br>Otto Tremetzberger, Ren\u00e9e Chvatal, Ulla Steyrleuthner, Felix Vierlinger, Lorena H\u00f6llrigl, Thomas Auer, Vinzenz Landl, Gerald Harringer, David Wittinghofer, Christopher H\u00fctmannsberger, Boris Hulka, Judith Pirklbauer, Benedikt Reiter, Laura Gst\u00f6ttenmayr, Stefanie Buchsbaum, J\u00fcrgen Gr\u00fcnwald, Flora Fellner &amp; Ella Kronberger<\/p>\n\n\n\n<p><strong>Production team\r\n<\/strong>Hans Peter Ecker, Annalise Prodor, Laura Rumpl &amp; Tom Schlager, Ebrahim Eskandari, Vladislav Nazarov &amp; Matthias Haunschmidt<\/p>\n\n\n\n<p><strong>Art education team<\/strong><strong>\r\n<\/strong>Sara Pineros Cortes, Albert Heidlmair, Renate Berger, Reinhard Leitner, Morteza Mohammadi, Susi Hinterberger, Anna Weberberger, Ralf Petersen, Oscar Hetzinger, Sabine Dichatschek, Florian Klinz, Shafiq Nawabi, Sharzad Nazarpour &amp; Leonie Wiesinger<\/p>\n\n\n\n<p><strong>Artists &amp; Involved<\/strong>\r\n<a href=\"https:\/\/fdr.at\/en\/project\/frauentor-besetzung-und-frauengassen-fest\/\">Aktionsgruppe Fraustadt Freistadt<\/a>: Elvira Fleischanderl, Hedi Hofstadler, Christine Lasinger, Heidemarie P\u00f6schko, Julia Schober, Barbara Tr\u00f6ls &amp; Conny Wernitznig, <a href=\"https:\/\/fdr.at\/en\/project\/we-will-live-forever\/\">anGie seah<\/a>, <a href=\"https:\/\/fdr.at\/en\/project\/in-zeiten-wie-diesen\/\">Nika Autor, Zhanna Kadyrova, Peter Fritzenwallner<\/a> &amp; Wolfgang Obermair, <a href=\"https:\/\/fdr.at\/en\/project\/dead-monster-game\/\">Anatoly Belov<\/a>, <a href=\"https:\/\/fdr.at\/en\/project\/organ-orgel\/\">Tom Bogaert<\/a>, <a href=\"https:\/\/fdr.at\/en\/project\/print-glory\/\">Marek Bors\u00e1nyi<\/a>, <a href=\"https:\/\/fdr.at\/en\/project\/manifesting-earthly-survival\/\">S()fia Braga<\/a>, <a href=\"https:\/\/fdr.at\/en\/project\/plasticphonia\/\">CRYSTN HUNT AKRON<\/a>, <a href=\"https:\/\/fdr.at\/en\/project\/es-war-einmal-ein-sehr-alter-stau\/\">Fran\u00e7ois Davin<\/a> &amp; Andi Wahl, <a href=\"https:\/\/fdr.at\/en\/project\/30-jahre-festival-der-regionen\/\">Gerhard Dirmoser &amp; Gerald Priewasser-H\u00f6ller<\/a>, <a href=\"https:\/\/fdr.at\/en\/project\/familiar-strangers\/\">diverCITYLAB: <\/a>Elif Duygu, Uwe Felchle, Asl\u0131 K\u0131\u015flal &amp; Anna Schober u.A., <a href=\"https:\/\/fdr.at\/en\/project\/wir-sind-am-zug\/\">DORFTV: <\/a>Bibi Finster, Anna Friedinger &amp; Georg Ritter u.A., <a href=\"https:\/\/fdr.at\/en\/project\/hyper-taste\/\">Sarah Katharina Eder &amp; David Kapl<\/a>, <a href=\"https:\/\/fdr.at\/en\/project\/kollektives-warten-in-extremwetterlage\/\">Markus Hiesleitner &amp; Klara Paterok<\/a>, <a href=\"https:\/\/fdr.at\/en\/project\/mind-the-gap\/\">Sophia Hochedlinger, Leah Hochedlinger &amp; Gerald Harringer<\/a>, <a href=\"https:\/\/fdr.at\/en\/project\/30mobile-druckwerkstatt\/\">Dagmar H\u00f6ss<\/a>, <a href=\"https:\/\/fdr.at\/en\/project\/klangfestival\/\">KLANGfolger<\/a> &amp; Team, <a href=\"https:\/\/fdr.at\/en\/project\/an-meinen-haaren-moecht-ich-sterben\/\">Peter Kozek, Vanessa Mazanik &amp; Florian Ronc<\/a>, <a href=\"https:\/\/fdr.at\/en\/project\/veglab\/\">Stefan Kreiner, Juliane Kreiner &amp; Johann Moser<\/a>, <a href=\"https:\/\/fdr.at\/en\/project\/zug-um-zug-der-erste-zug\/\">Olivia Kudlich &amp; Bastian Lehner<\/a>, <a href=\"https:\/\/fdr.at\/en\/project\/zug-ende\/\">Martin Lasinger<\/a>, <a href=\"https:\/\/fdr.at\/en\/project\/time-play\/\">LAP: Dafne Maes, Dana\u00e9 Bosman,<\/a> Linde Carrijn, Magali Casters, Lara Deruyter &amp; Elise Goedgezelschap, <a href=\"https:\/\/fdr.at\/en\/project\/a-reminder-of-being-constructed\/\">Kateryna Lysovenko<\/a>, <a href=\"https:\/\/fdr.at\/en\/project\/baugeruest\/\">Pia Mayrw\u00f6ger<\/a>, <a href=\"https:\/\/fdr.at\/en\/project\/mind-the-gap\/\">Susanna Melem &amp; Severin Standhartinger<\/a>, <a href=\"https:\/\/fdr.at\/en\/project\/hijab-offline\/\">Shahrzad Nazarpour &amp; Dschungel Wien<\/a>, <a href=\"https:\/\/fdr.at\/en\/project\/landgaenge-2023-vor-bei\/\">Landg\u00e4nge*n:eam<\/a>, <a href=\"https:\/\/fdr.at\/en\/project\/endstation\/\">NGGB: Gudrun Rath, Nils Olger &amp; Ren\u00e9e Winter<\/a>, <a href=\"https:\/\/fdr.at\/en\/project\/garden_networks\/\">Node9: Nikola Brabcov\u00e1 &amp; Karin \u0160ruba\u0159ov\u00e1, Michael Klodner, Aliaksandra Yakubouskaya &amp; Alo\u00efs Yang<\/a>, <a href=\"https:\/\/fdr.at\/en\/project\/festival-trailer\/\">Sara Pi\u00f1eros<\/a>, <a href=\"https:\/\/fdr.at\/en\/project\/zuegige-visionen\/\">Alja Piry, Regina Picker &amp; Lucie Kaiserov\u00e1<\/a>, <a href=\"https:\/\/fdr.at\/en\/project\/die-zukunft-beginnt-heute\/\">Ursula Maria Probst,<\/a> Sr\u00e1\u010d Sam presented by Denisa Bytelov\u00e1, Solarmanufaktur\/Expanded Garden Steyregg (Irene Lucas &amp; Christoph Euler), Katerina Hol\u00e0 (Klimagerechtigkeitsbewegung Limity Jsme My\/We are the Limits), Artists for Future, Huda Takriti, Cristina Ochoa, Imran Khan, Janani Cooray, Oliver Ressler, Anna Mutschlechner-Dean, Where Dogs Run (Natalia Grekhova, Alexey Korzukhin, Olga Inozemtseva), Transcultural Emancipation, <a href=\"https:\/\/fdr.at\/en\/project\/indigo-hyphae\/\">Mika Satomi<\/a>, <a href=\"https:\/\/fdr.at\/en\/project\/skills-tools-a-guidebook\/\">Isa Schieche, Lisa Klosterk\u00f6tter, Oskar Mayb\u00f6ck, Helen Weber &amp; Milou van Duijnhoven<\/a>, <a href=\"https:\/\/fdr.at\/en\/project\/geschichte-im-gespraech\/\">Wolfgang Schmutz<\/a>, <a href=\"https:\/\/fdr.at\/en\/project\/water-research-water-bar\/\">Sladovna P\u00edsek: Adam Langer, Kl\u00e1ra Mathieu &amp; Tom\u00e1\u0161 \u017di\u017eka<\/a>, <a href=\"https:\/\/fdr.at\/en\/project\/eine-bahnreise-durch-die-filmgeschichte\/\">Wolfgang Steininger<\/a>, <a href=\"https:\/\/fdr.at\/en\/project\/free-stock-sport\/\">Clemens St\u00f6ttinger<\/a>, <a href=\"https:\/\/fdr.at\/en\/project\/steel-rings\/\">Rayyane Tabet<\/a>, <a href=\"https:\/\/fdr.at\/en\/project\/tangible-music\/\">Tangible Music Lab<\/a> Ksenia Bakhtina, Aldin \u0110apo, Thomas Geissl, Gundega Graudina, Fatima el Kosht, Michael Kramer, Daniel Stimmeder, Ozan Tezvaran &amp; Omid Zolfaghari, <a href=\"https:\/\/fdr.at\/en\/project\/giveaways-hideaways\/\">Antoine Turillon &amp; Seth Weiner<\/a> und Brishty Alam, Abdul Sharif Oluwafemi Baruwa, Flo Karl Berger, Marc Alexandre Dumoulin, Baptiste El Baz, Julia S. Goodman, Edgar Lessig, Morusiewicz \/ Maggessi, Stephanie Misa, Johanna Tinzl, Rosabel Rosalind &amp; Anna Weberberger, <a href=\"https:\/\/fdr.at\/en\/project\/turn-table-tennis-on-the-track\/\">Felix f!no Vierlinger, Mement Acuma, Fabian Holzinger &amp; Angelika Katzinger<\/a><\/p>\n\n\n\n<p><strong>Conference * verflechten<\/strong>\r\nKatharina Spanlang, Kuni Wiesmayr &amp; Judith Pirklbauer<\/p>\n\n\n\n<p><strong>Involved&nbsp;<\/strong>Margot Nazzal, Elisabeth Schweeger, Martin Fritz, Uli B\u00f6ker, Rainer Rosegger, Elisabeth Schimana, Tobias Spinka, Gitti Vasicek, Otto Tremetzberger, Magdalena Hubauer, Heidrun Primas, Domenik Riedl, Elisabeth Schimana, Veronika Sutterl\u00fcty, Mario Friedwagner, Simone Barlian, Ebba Buergel-Goodwin, Christoph Kleinsasser, Elisa Rosegger, Isa Stumfol, Lena Schartm\u00fcller, David Wittinghofer, Verena Humer, Sandra Kocuvan, Valarie Serbest, Conny Wernitznig, Thomas Diesenreiter, Chrislane Barro Bomfim da Silva, Samuel Ehling, Lie Haider, Birgit Pichler, Tobias Spinka, Adriana Torres, Kuni Wiesmayr &amp; Tobias Schilcher<\/p>\n\n\n\n<p><strong>Festival zone<\/strong><br>Local B\u00fchne Freistadt, Freies Radio Freistadt, Marita Koppensteiner, Marie-Therese Jahn &amp; Martin Wassermair<\/p>\n\n\n\n<p><strong>Involved <\/strong>Michael Eibl, Wolfgang Steininger, Otto Tremetzberger, Jaroslav Rudi\u0161, Eva Hackl, Werner K\u00f6nig, Marie-Therese Horky, Georg Wilbertz, \u010cestm\u00edr Su\u0161ka, Andi Wahl, Markus M\u00fcller, Christian Gratzl, Christiane Jogna, Heidi P\u00f6schko, Brennholz.Rocks alias Frenk Lebel, Gerald Harringer, Leah und Sophia Hochedlinger, Dagmar Engl, Hubert Zamut, Karin Peham-Strau\u00df, Rainer Widmann, Alma M\u00fchlbauer, Andreas Giritzer, Gotthard Wagner, Rudolf Schober, Alexandra Grill, Clemens St\u00f6ttinger, Trommelgeigern &amp; Klaus F\u00fcrst-Elmecker<\/p>\n\n\n\n<p><strong>Association Advisory Board<\/strong><br>Susanne Blaimschein, Gerald Priewasser-H\u00f6ller, Margot Nazzal, Julius Stieber, Karin Zizala, Rainer Zendron &amp;<em> <\/em>Gitti Vasicek<\/p>\n\n\n\n<p><strong>Regional Advisory Council<\/strong><br>Conny Wernitznig, Nicole Wegscheider, Michael Eibl, Katharina Spanlang <em>&amp; <\/em>Daniela P\u00fchringer<\/p>\n\n\n\n<p><strong>Board<\/strong><br>Fina Esslinger, Katharina Spanlang, Anna Rieder, Thomas Diesenreiter &amp; Mario Friedwagner<\/p>\n","protected":false},"excerpt":{"rendered":"<p>* High time to say THANK YOU Even after 30 years, the Festival of Regions has not tired of promoting experimental, innovative art and cultural projects, developing them in the region and providing surprises. The FdR 2023 began brilliantly (in the words of LH Stelzer) in Horn\u00ed Dvo\u0159i\u0161t\u011b and ended the following weekend at the&#8230; <a class=\"read-more\" href=\"https:\/\/fdr.at\/en\/thanks\/\">weiterlesen<\/a><\/p>\n","protected":false},"author":12,"featured_media":0,"parent":0,"menu_order":0,"comment_status":"closed","ping_status":"closed","template":"","meta":{"_acf_changed":false,"footnotes":""},"class_list":["post-73328","page","type-page","status-publish","hentry"],"acf":[],"yoast_head":"<!-- This site is optimized with the Yoast SEO plugin v27.5 - https:\/\/yoast.com\/product\/yoast-seo-wordpress\/ -->\n<title>THANKS - Festival der Regionen<\/title>\n<meta name=\"robots\" content=\"index, follow, max-snippet:-1, max-image-preview:large, max-video-preview:-1\" \/>\n<link rel=\"canonical\" href=\"https:\/\/fdr.at\/en\/thanks\/\" \/>\n<meta property=\"og:locale\" content=\"en_US\" \/>\n<meta property=\"og:type\" content=\"article\" \/>\n<meta property=\"og:title\" content=\"THANKS - Festival der Regionen\" \/>\n<meta property=\"og:description\" content=\"* High time to say THANK YOU Even after 30 years, the Festival of Regions has not tired of promoting experimental, innovative art and cultural projects, developing them in the region and providing surprises. The FdR 2023 began brilliantly (in the words of LH Stelzer) in Horn\u00ed Dvo\u0159i\u0161t\u011b and ended the following weekend at the... weiterlesen\" \/>\n<meta property=\"og:url\" content=\"https:\/\/fdr.at\/en\/thanks\/\" \/>\n<meta property=\"og:site_name\" content=\"Festival der Regionen\" \/>\n<meta property=\"article:modified_time\" content=\"2023-07-27T10:15:35+00:00\" \/>\n<meta property=\"og:image\" content=\"https:\/\/fdr.at\/wp-content\/uploads\/2023\/07\/danke-bild-web.jpg\" \/>\n<meta name=\"twitter:card\" content=\"summary_large_image\" \/>\n<meta name=\"twitter:label1\" content=\"Est. reading time\" \/>\n\t<meta name=\"twitter:data1\" content=\"5 minutes\" \/>\n<script type=\"application\/ld+json\" class=\"yoast-schema-graph\">{\"@context\":\"https:\\\/\\\/schema.org\",\"@graph\":[{\"@type\":\"WebPage\",\"@id\":\"https:\\\/\\\/fdr.at\\\/en\\\/thanks\\\/\",\"url\":\"https:\\\/\\\/fdr.at\\\/en\\\/thanks\\\/\",\"name\":\"THANKS - Festival der Regionen\",\"isPartOf\":{\"@id\":\"https:\\\/\\\/fdr.at\\\/en\\\/#website\"},\"primaryImageOfPage\":{\"@id\":\"https:\\\/\\\/fdr.at\\\/en\\\/thanks\\\/#primaryimage\"},\"image\":{\"@id\":\"https:\\\/\\\/fdr.at\\\/en\\\/thanks\\\/#primaryimage\"},\"thumbnailUrl\":\"https:\\\/\\\/fdr.at\\\/wp-content\\\/uploads\\\/2023\\\/07\\\/danke-bild-web.jpg\",\"datePublished\":\"2023-07-27T10:13:07+00:00\",\"dateModified\":\"2023-07-27T10:15:35+00:00\",\"breadcrumb\":{\"@id\":\"https:\\\/\\\/fdr.at\\\/en\\\/thanks\\\/#breadcrumb\"},\"inLanguage\":\"en-US\",\"potentialAction\":[{\"@type\":\"ReadAction\",\"target\":[\"https:\\\/\\\/fdr.at\\\/en\\\/thanks\\\/\"]}]},{\"@type\":\"ImageObject\",\"inLanguage\":\"en-US\",\"@id\":\"https:\\\/\\\/fdr.at\\\/en\\\/thanks\\\/#primaryimage\",\"url\":\"https:\\\/\\\/fdr.at\\\/wp-content\\\/uploads\\\/2023\\\/07\\\/danke-bild-web.jpg\",\"contentUrl\":\"https:\\\/\\\/fdr.at\\\/wp-content\\\/uploads\\\/2023\\\/07\\\/danke-bild-web.jpg\"},{\"@type\":\"BreadcrumbList\",\"@id\":\"https:\\\/\\\/fdr.at\\\/en\\\/thanks\\\/#breadcrumb\",\"itemListElement\":[{\"@type\":\"ListItem\",\"position\":1,\"name\":\"Home\",\"item\":\"https:\\\/\\\/fdr.at\\\/en\\\/\"},{\"@type\":\"ListItem\",\"position\":2,\"name\":\"THANKS\"}]},{\"@type\":\"WebSite\",\"@id\":\"https:\\\/\\\/fdr.at\\\/en\\\/#website\",\"url\":\"https:\\\/\\\/fdr.at\\\/en\\\/\",\"name\":\"Festival der Regionen\",\"description\":\"\",\"potentialAction\":[{\"@type\":\"SearchAction\",\"target\":{\"@type\":\"EntryPoint\",\"urlTemplate\":\"https:\\\/\\\/fdr.at\\\/en\\\/?s={search_term_string}\"},\"query-input\":{\"@type\":\"PropertyValueSpecification\",\"valueRequired\":true,\"valueName\":\"search_term_string\"}}],\"inLanguage\":\"en-US\"}]}<\/script>\n<!-- \/ Yoast SEO plugin. -->","yoast_head_json":{"title":"THANKS - Festival der Regionen","robots":{"index":"index","follow":"follow","max-snippet":"max-snippet:-1","max-image-preview":"max-image-preview:large","max-video-preview":"max-video-preview:-1"},"canonical":"https:\/\/fdr.at\/en\/thanks\/","og_locale":"en_US","og_type":"article","og_title":"THANKS - Festival der Regionen","og_description":"* High time to say THANK YOU Even after 30 years, the Festival of Regions has not tired of promoting experimental, innovative art and cultural projects, developing them in the region and providing surprises. The FdR 2023 began brilliantly (in the words of LH Stelzer) in Horn\u00ed Dvo\u0159i\u0161t\u011b and ended the following weekend at the... weiterlesen","og_url":"https:\/\/fdr.at\/en\/thanks\/","og_site_name":"Festival der Regionen","article_modified_time":"2023-07-27T10:15:35+00:00","og_image":[{"url":"https:\/\/fdr.at\/wp-content\/uploads\/2023\/07\/danke-bild-web.jpg","type":"","width":"","height":""}],"twitter_card":"summary_large_image","twitter_misc":{"Est. reading time":"5 minutes"},"schema":{"@context":"https:\/\/schema.org","@graph":[{"@type":"WebPage","@id":"https:\/\/fdr.at\/en\/thanks\/","url":"https:\/\/fdr.at\/en\/thanks\/","name":"THANKS - Festival der Regionen","isPartOf":{"@id":"https:\/\/fdr.at\/en\/#website"},"primaryImageOfPage":{"@id":"https:\/\/fdr.at\/en\/thanks\/#primaryimage"},"image":{"@id":"https:\/\/fdr.at\/en\/thanks\/#primaryimage"},"thumbnailUrl":"https:\/\/fdr.at\/wp-content\/uploads\/2023\/07\/danke-bild-web.jpg","datePublished":"2023-07-27T10:13:07+00:00","dateModified":"2023-07-27T10:15:35+00:00","breadcrumb":{"@id":"https:\/\/fdr.at\/en\/thanks\/#breadcrumb"},"inLanguage":"en-US","potentialAction":[{"@type":"ReadAction","target":["https:\/\/fdr.at\/en\/thanks\/"]}]},{"@type":"ImageObject","inLanguage":"en-US","@id":"https:\/\/fdr.at\/en\/thanks\/#primaryimage","url":"https:\/\/fdr.at\/wp-content\/uploads\/2023\/07\/danke-bild-web.jpg","contentUrl":"https:\/\/fdr.at\/wp-content\/uploads\/2023\/07\/danke-bild-web.jpg"},{"@type":"BreadcrumbList","@id":"https:\/\/fdr.at\/en\/thanks\/#breadcrumb","itemListElement":[{"@type":"ListItem","position":1,"name":"Home","item":"https:\/\/fdr.at\/en\/"},{"@type":"ListItem","position":2,"name":"THANKS"}]},{"@type":"WebSite","@id":"https:\/\/fdr.at\/en\/#website","url":"https:\/\/fdr.at\/en\/","name":"Festival der Regionen","description":"","potentialAction":[{"@type":"SearchAction","target":{"@type":"EntryPoint","urlTemplate":"https:\/\/fdr.at\/en\/?s={search_term_string}"},"query-input":{"@type":"PropertyValueSpecification","valueRequired":true,"valueName":"search_term_string"}}],"inLanguage":"en-US"}]}},"_links":{"self":[{"href":"https:\/\/fdr.at\/en\/wp-json\/wp\/v2\/pages\/73328","targetHints":{"allow":["GET"]}}],"collection":[{"href":"https:\/\/fdr.at\/en\/wp-json\/wp\/v2\/pages"}],"about":[{"href":"https:\/\/fdr.at\/en\/wp-json\/wp\/v2\/types\/page"}],"author":[{"embeddable":true,"href":"https:\/\/fdr.at\/en\/wp-json\/wp\/v2\/users\/12"}],"replies":[{"embeddable":true,"href":"https:\/\/fdr.at\/en\/wp-json\/wp\/v2\/comments?post=73328"}],"version-history":[{"count":2,"href":"https:\/\/fdr.at\/en\/wp-json\/wp\/v2\/pages\/73328\/revisions"}],"predecessor-version":[{"id":73330,"href":"https:\/\/fdr.at\/en\/wp-json\/wp\/v2\/pages\/73328\/revisions\/73330"}],"wp:attachment":[{"href":"https:\/\/fdr.at\/en\/wp-json\/wp\/v2\/media?parent=73328"}],"curies":[{"name":"wp","href":"https:\/\/api.w.org\/{rel}","templated":true}]}}