
{"id":71948,"date":"2023-06-09T18:34:19","date_gmt":"2023-06-09T16:34:19","guid":{"rendered":"https:\/\/fdr.at\/stops\/"},"modified":"2023-07-26T16:08:06","modified_gmt":"2023-07-26T14:08:06","slug":"stops","status":"publish","type":"page","link":"https:\/\/fdr.at\/en\/stops\/","title":{"rendered":"Stops*Addresses"},"content":{"rendered":"\n<figure class=\"wp-block-image size-large\"><img loading=\"lazy\" decoding=\"async\" width=\"2000\" height=\"2000\" src=\"https:\/\/fdr.at\/wp-content\/uploads\/2023\/06\/7-regionsgrafik-2000x2000.jpg\" alt=\"\" class=\"wp-image-71568\" srcset=\"https:\/\/fdr.at\/wp-content\/uploads\/2023\/06\/7-regionsgrafik-2000x2000.jpg 2000w, https:\/\/fdr.at\/wp-content\/uploads\/2023\/06\/7-regionsgrafik-300x300.jpg 300w, https:\/\/fdr.at\/wp-content\/uploads\/2023\/06\/7-regionsgrafik-100x100.jpg 100w, https:\/\/fdr.at\/wp-content\/uploads\/2023\/06\/7-regionsgrafik-600x600.jpg 600w, https:\/\/fdr.at\/wp-content\/uploads\/2023\/06\/7-regionsgrafik-150x150.jpg 150w, https:\/\/fdr.at\/wp-content\/uploads\/2023\/06\/7-regionsgrafik-768x768.jpg 768w, https:\/\/fdr.at\/wp-content\/uploads\/2023\/06\/7-regionsgrafik-1536x1536.jpg 1536w, https:\/\/fdr.at\/wp-content\/uploads\/2023\/06\/7-regionsgrafik-2048x2048.jpg 2048w, https:\/\/fdr.at\/wp-content\/uploads\/2023\/06\/7-regionsgrafik-500x500.jpg 500w\" sizes=\"auto, (max-width: 2000px) 100vw, 2000px\" \/><\/figure>\n\n\n\n<p><strong>LINZ Hbf<\/strong> <br>Bahnhofplatz 1, 4020 Linz <br>Station hall, Resch &amp; Frisch, Bierkanzlei <br>Station forecourt LDZ (Landesdienstleistungszentrum)<\/p>\n\n\n\n<p><strong>STEYREGG<\/strong> <br>Railway station, Bahnhofstra\u00dfe 11, 4221 Steyregg <br>railway station parking lot <br>railway station meadow <br>former Lagerhaus, Linzer Str. 16 B, 4221 Steyregg<\/p>\n\n\n\n<p><strong>ST. GEORGEN AN DER GUSEN ORT<\/strong> <br>railway station, Mauthausener Str., 4222 St. Georgen an der Gusen <br>KV Trib\u00fcne, Mauthausener Str. 7 &#8211; 4222 St. Georgen an der Gusen <br>Home of human rights, Marcel-Callo-Stra\u00dfe 3 &#8211; 4222 St. Georgen an der Gusen<\/p>\n\n\n\n<p><strong>Cinema KATSDORF&nbsp;<\/strong>\r\nGemeindeplatz 3, 4223 Katsdorf<\/p>\n\n\n\n<p><strong>LUNGITZ Trainstation<\/strong>\r\nstation hall, Lungitz 31, 4223 Lungitz<\/p>\n\n\n\n<p><strong>GAISBACH-WARTBERG\u00a0<\/strong> <br>railway station, Untergaisbach 44, 4231 Untergaisbach <br>station hall <br>railway station meadow <br>Lagerhaus parking lot<\/p>\n\n\n\n<p><strong>GALLNEUKIRCHEN\u00a0<\/strong> <br>camping meadow, Lederergasse 13, 4210 Gallneukirchen <br>Abandoned indoor-pool, Reichenauer Str. 10 4210 Gallneukirchen <br>former firestation, Reichenauer Str. 1a 4210 Gallneukirchen <br>Caf\u00e9 &amp; Bistro KOWALSKI, Hauptstra\u00dfe 3, 4210 Gallneukirchen <br>memorial for peace, 4210 Gallneukirchen<\/p>\n\n\n\n<p><strong>PREGARTEN<\/strong>\r\nJUZ &#8211; youth center, Bahnhofstra\u00dfe 22, 4230 Pregarten<\/p>\n\n\n\n<p><strong>KEFERMARKT&nbsp;<\/strong><br>Train Station, Am Bahnhof 11, 4292 Kefermarkt<br>acre, Im Tal 1, 4292 Kefermarkt<br>Parish church &amp; -square, Oberer Markt 1, 4292 Kefermarkt<\/p>\n\n\n\n<p><strong>FREISTADT\u00a0<\/strong> <br>railway station, Tr\u00f6lsberg 26, 4240 Tr\u00f6lsberg <br>Salzgasse &amp; cinema Freistadt, Salzgasse, 4240 Freistadt <br>Salzhof, Salzgasse 15, 4240 Freistadt <br>B\u00f6hmertor, B\u00f6hmertor, 4240 Freistadt <br>city moat, city moat near Schloss\/Bergfried, 4240 Freistadt <br>Kinderfreundehaus &#8211; Jaunitztal bei Freistadt, Jaunitztal 11, 4240 Freistadt<\/p>\n\n\n\n<p><strong>SUMMERAU\u00a0<\/strong> <br>railway station &#8211; Summerau Bahnhof, 4261 Rainbach im M\u00fchlkreis <br>forest &#8211; Summerau (Koordinaten \/ coordinates 48.567793, 14.446660)<\/p>\n\n\n\n<p><strong>HORN\u00cd DVO\u0158I\u0160T\u011a<\/strong>\r\nrailway station &#8211; 382 93 Horn\u00ed Dvo\u0159i\u0161t\u011b, Tschechien<\/p>\n","protected":false},"excerpt":{"rendered":"<p>LINZ Hbf Bahnhofplatz 1, 4020 Linz Station hall, Resch &amp; Frisch, Bierkanzlei Station forecourt LDZ (Landesdienstleistungszentrum) STEYREGG Railway station, Bahnhofstra\u00dfe 11, 4221 Steyregg railway station parking lot railway station meadow former Lagerhaus, Linzer Str. 16 B, 4221 Steyregg ST. GEORGEN AN DER GUSEN ORT railway station, Mauthausener Str., 4222 St. Georgen an der Gusen KV&#8230; <a class=\"read-more\" href=\"https:\/\/fdr.at\/en\/stops\/\">weiterlesen<\/a><\/p>\n","protected":false},"author":12,"featured_media":0,"parent":0,"menu_order":0,"comment_status":"closed","ping_status":"closed","template":"","meta":{"_acf_changed":false,"footnotes":""},"class_list":["post-71948","page","type-page","status-publish","hentry"],"acf":[],"yoast_head":"<!-- This site is optimized with the Yoast SEO plugin v27.4 - https:\/\/yoast.com\/product\/yoast-seo-wordpress\/ -->\n<title>Stops*Addresses - Festival der Regionen<\/title>\n<meta name=\"robots\" content=\"index, follow, max-snippet:-1, max-image-preview:large, max-video-preview:-1\" \/>\n<link rel=\"canonical\" href=\"https:\/\/fdr.at\/en\/stops\/\" \/>\n<meta property=\"og:locale\" content=\"en_US\" \/>\n<meta property=\"og:type\" content=\"article\" \/>\n<meta property=\"og:title\" content=\"Stops*Addresses - Festival der Regionen\" \/>\n<meta property=\"og:description\" content=\"LINZ Hbf Bahnhofplatz 1, 4020 Linz Station hall, Resch &amp; Frisch, Bierkanzlei Station forecourt LDZ (Landesdienstleistungszentrum) STEYREGG Railway station, Bahnhofstra\u00dfe 11, 4221 Steyregg railway station parking lot railway station meadow former Lagerhaus, Linzer Str. 16 B, 4221 Steyregg ST. GEORGEN AN DER GUSEN ORT railway station, Mauthausener Str., 4222 St. Georgen an der Gusen KV... weiterlesen\" \/>\n<meta property=\"og:url\" content=\"https:\/\/fdr.at\/en\/stops\/\" \/>\n<meta property=\"og:site_name\" content=\"Festival der Regionen\" \/>\n<meta property=\"article:modified_time\" content=\"2023-07-26T14:08:06+00:00\" \/>\n<meta property=\"og:image\" content=\"https:\/\/fdr.at\/wp-content\/uploads\/2023\/06\/7-regionsgrafik-2000x2000.jpg\" \/>\n<meta name=\"twitter:card\" content=\"summary_large_image\" \/>\n<meta name=\"twitter:label1\" content=\"Est. reading time\" \/>\n\t<meta name=\"twitter:data1\" content=\"1 minute\" \/>\n<script type=\"application\/ld+json\" class=\"yoast-schema-graph\">{\"@context\":\"https:\\\/\\\/schema.org\",\"@graph\":[{\"@type\":\"WebPage\",\"@id\":\"https:\\\/\\\/fdr.at\\\/en\\\/stops\\\/\",\"url\":\"https:\\\/\\\/fdr.at\\\/en\\\/stops\\\/\",\"name\":\"Stops*Addresses - Festival der Regionen\",\"isPartOf\":{\"@id\":\"https:\\\/\\\/fdr.at\\\/en\\\/#website\"},\"primaryImageOfPage\":{\"@id\":\"https:\\\/\\\/fdr.at\\\/en\\\/stops\\\/#primaryimage\"},\"image\":{\"@id\":\"https:\\\/\\\/fdr.at\\\/en\\\/stops\\\/#primaryimage\"},\"thumbnailUrl\":\"https:\\\/\\\/fdr.at\\\/wp-content\\\/uploads\\\/2023\\\/06\\\/7-regionsgrafik-2000x2000.jpg\",\"datePublished\":\"2023-06-09T16:34:19+00:00\",\"dateModified\":\"2023-07-26T14:08:06+00:00\",\"breadcrumb\":{\"@id\":\"https:\\\/\\\/fdr.at\\\/en\\\/stops\\\/#breadcrumb\"},\"inLanguage\":\"en-US\",\"potentialAction\":[{\"@type\":\"ReadAction\",\"target\":[\"https:\\\/\\\/fdr.at\\\/en\\\/stops\\\/\"]}]},{\"@type\":\"ImageObject\",\"inLanguage\":\"en-US\",\"@id\":\"https:\\\/\\\/fdr.at\\\/en\\\/stops\\\/#primaryimage\",\"url\":\"https:\\\/\\\/fdr.at\\\/wp-content\\\/uploads\\\/2023\\\/06\\\/7-regionsgrafik-2000x2000.jpg\",\"contentUrl\":\"https:\\\/\\\/fdr.at\\\/wp-content\\\/uploads\\\/2023\\\/06\\\/7-regionsgrafik-2000x2000.jpg\"},{\"@type\":\"BreadcrumbList\",\"@id\":\"https:\\\/\\\/fdr.at\\\/en\\\/stops\\\/#breadcrumb\",\"itemListElement\":[{\"@type\":\"ListItem\",\"position\":1,\"name\":\"Home\",\"item\":\"https:\\\/\\\/fdr.at\\\/en\\\/\"},{\"@type\":\"ListItem\",\"position\":2,\"name\":\"Stops*Addresses\"}]},{\"@type\":\"WebSite\",\"@id\":\"https:\\\/\\\/fdr.at\\\/en\\\/#website\",\"url\":\"https:\\\/\\\/fdr.at\\\/en\\\/\",\"name\":\"Festival der Regionen\",\"description\":\"\",\"potentialAction\":[{\"@type\":\"SearchAction\",\"target\":{\"@type\":\"EntryPoint\",\"urlTemplate\":\"https:\\\/\\\/fdr.at\\\/en\\\/?s={search_term_string}\"},\"query-input\":{\"@type\":\"PropertyValueSpecification\",\"valueRequired\":true,\"valueName\":\"search_term_string\"}}],\"inLanguage\":\"en-US\"}]}<\/script>\n<!-- \/ Yoast SEO plugin. -->","yoast_head_json":{"title":"Stops*Addresses - Festival der Regionen","robots":{"index":"index","follow":"follow","max-snippet":"max-snippet:-1","max-image-preview":"max-image-preview:large","max-video-preview":"max-video-preview:-1"},"canonical":"https:\/\/fdr.at\/en\/stops\/","og_locale":"en_US","og_type":"article","og_title":"Stops*Addresses - Festival der Regionen","og_description":"LINZ Hbf Bahnhofplatz 1, 4020 Linz Station hall, Resch &amp; Frisch, Bierkanzlei Station forecourt LDZ (Landesdienstleistungszentrum) STEYREGG Railway station, Bahnhofstra\u00dfe 11, 4221 Steyregg railway station parking lot railway station meadow former Lagerhaus, Linzer Str. 16 B, 4221 Steyregg ST. GEORGEN AN DER GUSEN ORT railway station, Mauthausener Str., 4222 St. Georgen an der Gusen KV... weiterlesen","og_url":"https:\/\/fdr.at\/en\/stops\/","og_site_name":"Festival der Regionen","article_modified_time":"2023-07-26T14:08:06+00:00","og_image":[{"url":"https:\/\/fdr.at\/wp-content\/uploads\/2023\/06\/7-regionsgrafik-2000x2000.jpg","type":"","width":"","height":""}],"twitter_card":"summary_large_image","twitter_misc":{"Est. reading time":"1 minute"},"schema":{"@context":"https:\/\/schema.org","@graph":[{"@type":"WebPage","@id":"https:\/\/fdr.at\/en\/stops\/","url":"https:\/\/fdr.at\/en\/stops\/","name":"Stops*Addresses - Festival der Regionen","isPartOf":{"@id":"https:\/\/fdr.at\/en\/#website"},"primaryImageOfPage":{"@id":"https:\/\/fdr.at\/en\/stops\/#primaryimage"},"image":{"@id":"https:\/\/fdr.at\/en\/stops\/#primaryimage"},"thumbnailUrl":"https:\/\/fdr.at\/wp-content\/uploads\/2023\/06\/7-regionsgrafik-2000x2000.jpg","datePublished":"2023-06-09T16:34:19+00:00","dateModified":"2023-07-26T14:08:06+00:00","breadcrumb":{"@id":"https:\/\/fdr.at\/en\/stops\/#breadcrumb"},"inLanguage":"en-US","potentialAction":[{"@type":"ReadAction","target":["https:\/\/fdr.at\/en\/stops\/"]}]},{"@type":"ImageObject","inLanguage":"en-US","@id":"https:\/\/fdr.at\/en\/stops\/#primaryimage","url":"https:\/\/fdr.at\/wp-content\/uploads\/2023\/06\/7-regionsgrafik-2000x2000.jpg","contentUrl":"https:\/\/fdr.at\/wp-content\/uploads\/2023\/06\/7-regionsgrafik-2000x2000.jpg"},{"@type":"BreadcrumbList","@id":"https:\/\/fdr.at\/en\/stops\/#breadcrumb","itemListElement":[{"@type":"ListItem","position":1,"name":"Home","item":"https:\/\/fdr.at\/en\/"},{"@type":"ListItem","position":2,"name":"Stops*Addresses"}]},{"@type":"WebSite","@id":"https:\/\/fdr.at\/en\/#website","url":"https:\/\/fdr.at\/en\/","name":"Festival der Regionen","description":"","potentialAction":[{"@type":"SearchAction","target":{"@type":"EntryPoint","urlTemplate":"https:\/\/fdr.at\/en\/?s={search_term_string}"},"query-input":{"@type":"PropertyValueSpecification","valueRequired":true,"valueName":"search_term_string"}}],"inLanguage":"en-US"}]}},"_links":{"self":[{"href":"https:\/\/fdr.at\/en\/wp-json\/wp\/v2\/pages\/71948","targetHints":{"allow":["GET"]}}],"collection":[{"href":"https:\/\/fdr.at\/en\/wp-json\/wp\/v2\/pages"}],"about":[{"href":"https:\/\/fdr.at\/en\/wp-json\/wp\/v2\/types\/page"}],"author":[{"embeddable":true,"href":"https:\/\/fdr.at\/en\/wp-json\/wp\/v2\/users\/12"}],"replies":[{"embeddable":true,"href":"https:\/\/fdr.at\/en\/wp-json\/wp\/v2\/comments?post=71948"}],"version-history":[{"count":5,"href":"https:\/\/fdr.at\/en\/wp-json\/wp\/v2\/pages\/71948\/revisions"}],"predecessor-version":[{"id":73327,"href":"https:\/\/fdr.at\/en\/wp-json\/wp\/v2\/pages\/71948\/revisions\/73327"}],"wp:attachment":[{"href":"https:\/\/fdr.at\/en\/wp-json\/wp\/v2\/media?parent=71948"}],"curies":[{"name":"wp","href":"https:\/\/api.w.org\/{rel}","templated":true}]}}