
{"id":71934,"date":"2023-06-09T18:11:44","date_gmt":"2023-06-09T16:11:44","guid":{"rendered":"https:\/\/fdr.at\/opening\/"},"modified":"2023-06-22T13:11:30","modified_gmt":"2023-06-22T11:11:30","slug":"opening","status":"publish","type":"page","link":"https:\/\/fdr.at\/en\/opening\/","title":{"rendered":"Opening"},"content":{"rendered":"<!DOCTYPE html PUBLIC \"-\/\/W3C\/\/DTD HTML 4.0 Transitional\/\/EN\" \"http:\/\/www.w3.org\/TR\/REC-html40\/loose.dtd\">\n<html><body><figure class=\"wp-block-gallery has-nested-images columns-3 wp-block-gallery-1 is-layout-flex wp-block-gallery-is-layout-flex\">\n<figure class=\"wp-block-image size-full\"><a href=\"https:\/\/fdr.at\/wp-content\/uploads\/2023\/06\/FdR-OPENING_Zug_Tour_de.pdf\"><img loading=\"lazy\" decoding=\"async\" width=\"800\" height=\"600\" data-id=\"71928\" src=\"https:\/\/fdr.at\/wp-content\/uploads\/2023\/06\/zug-tour-sujet.jpg\" alt=\"\" class=\"wp-image-71928\" srcset=\"https:\/\/fdr.at\/wp-content\/uploads\/2023\/06\/zug-tour-sujet.jpg 800w, https:\/\/fdr.at\/wp-content\/uploads\/2023\/06\/zug-tour-sujet-600x450.jpg 600w, https:\/\/fdr.at\/wp-content\/uploads\/2023\/06\/zug-tour-sujet-300x225.jpg 300w, https:\/\/fdr.at\/wp-content\/uploads\/2023\/06\/zug-tour-sujet-768x576.jpg 768w\" sizes=\"auto, (max-width: 800px) 100vw, 800px\" \/><\/a><\/figure>\n\n\n\n<figure class=\"wp-block-image size-full\"><a href=\"https:\/\/fdr.at\/wp-content\/uploads\/2023\/06\/FdR-Eroeffnungsfahrt-FdR-TRAIN_de.pdf\"><img loading=\"lazy\" decoding=\"async\" width=\"800\" height=\"600\" data-id=\"71931\" src=\"https:\/\/fdr.at\/wp-content\/uploads\/2023\/06\/eroeffnungsfahrt-sujet.jpg\" alt=\"\" class=\"wp-image-71931\" srcset=\"https:\/\/fdr.at\/wp-content\/uploads\/2023\/06\/eroeffnungsfahrt-sujet.jpg 800w, https:\/\/fdr.at\/wp-content\/uploads\/2023\/06\/eroeffnungsfahrt-sujet-600x450.jpg 600w, https:\/\/fdr.at\/wp-content\/uploads\/2023\/06\/eroeffnungsfahrt-sujet-300x225.jpg 300w, https:\/\/fdr.at\/wp-content\/uploads\/2023\/06\/eroeffnungsfahrt-sujet-768x576.jpg 768w\" sizes=\"auto, (max-width: 800px) 100vw, 800px\" \/><\/a><\/figure>\n\n\n\n<figure class=\"wp-block-image size-full\"><a href=\"https:\/\/fdr.at\/wp-content\/uploads\/2023\/06\/Fahrplan_Sonderzug_FdR-2023_final.pdf\"><img loading=\"lazy\" decoding=\"async\" width=\"9449\" height=\"5906\" data-id=\"70214\" src=\"https:\/\/fdr.at\/wp-content\/uploads\/2023\/04\/sonderzug-klein-sujet.jpg\" alt=\"\" class=\"wp-image-70214\" srcset=\"https:\/\/fdr.at\/wp-content\/uploads\/2023\/04\/sonderzug-klein-sujet.jpg 9449w, https:\/\/fdr.at\/wp-content\/uploads\/2023\/04\/sonderzug-klein-sujet-600x375.jpg 600w, https:\/\/fdr.at\/wp-content\/uploads\/2023\/04\/sonderzug-klein-sujet-300x188.jpg 300w, https:\/\/fdr.at\/wp-content\/uploads\/2023\/04\/sonderzug-klein-sujet-2000x1250.jpg 2000w, https:\/\/fdr.at\/wp-content\/uploads\/2023\/04\/sonderzug-klein-sujet-768x480.jpg 768w, https:\/\/fdr.at\/wp-content\/uploads\/2023\/04\/sonderzug-klein-sujet-1536x960.jpg 1536w, https:\/\/fdr.at\/wp-content\/uploads\/2023\/04\/sonderzug-klein-sujet-2048x1280.jpg 2048w\" sizes=\"auto, (max-width: 9449px) 100vw, 9449px\" \/><\/a><\/figure>\n<\/figure>\n<\/body><\/html>\n\n<p>Click on the picture for fullscreen. Below you can also download the schedules.<\/p>\n\n<div class=\"wp-block-buttons is-layout-flex wp-block-buttons-is-layout-flex\">\n<div class=\"wp-block-button\"><a class=\"wp-block-button__link wp-element-button\" href=\"https:\/\/fdr.at\/wp-content\/uploads\/2023\/06\/FdR-OPENING_Zug_Tour_de.pdf\">FdR Train Tour<\/a><\/div>\n<\/div>\n\n<div class=\"wp-block-buttons is-layout-flex wp-block-buttons-is-layout-flex\">\n<div class=\"wp-block-button\"><a class=\"wp-block-button__link wp-element-button\" href=\"https:\/\/fdr.at\/wp-content\/uploads\/2023\/06\/FdR-Eroeffnungsfahrt-FdR-TRAIN_de.pdf\">FdR Opening Tour FdR*Train<\/a><\/div>\n<\/div>\n\n<div class=\"wp-block-buttons is-layout-flex wp-block-buttons-is-layout-flex\">\n<div class=\"wp-block-button\"><a class=\"wp-block-button__link wp-element-button\" href=\"https:\/\/fdr.at\/wp-content\/uploads\/2023\/06\/Fahrplan_Sonderzug_FdR-2023_final.pdf\">\u00d6BB Schedule FdR*Train<\/a><\/div>\n<\/div>\n\n<div style=\"height:25px\" aria-hidden=\"true\" class=\"wp-block-spacer\"><\/div>\n\n<p><strong>Opening + Special Train<\/strong><\/p>\n\n<p>The Festival of Regions will open on Friday, June 23, 2023.<\/p>\n\n<p>For the very curious, there is a TRAIN TOUR starting from Linz Central Station from noon, where you can already take a look at some of the projects along the route. For those who only have time later, there is the INAUGURAL RIDE with the FdR*TRAIN. Passengers can board at selected stations. Those who are already part of the TRAIN TOUR will board the INAUGURAL RIDE with the FdR*TRAIN in Kefermarkt.<\/p>\n\n<p>Together, we will then head north to Horn\u00ed Dvo\u0159i\u0161t\u011b for the official opening party and various artistic interventions. One of these special artistic interventions comes from the Master\u2019s program Tangible Music Lab at the University of Art and Design Linz, and the other from the Czech gallery Sladovna.<\/p>\n\n<p>Afterwards, you can decide whether to head back home or if there is still energy left for the after-party in St. Georgen an der Gusen at the Cultural Association Trib\u00fcne.<\/p>\n\n<p><strong>Don\u2019t forget your passport!<\/strong><\/p>\n\n<p><\/p>\n\n<p><strong>Other Opening Day Events:<\/strong><\/p>\n\n<p><a href=\"https:\/\/fdr.at\/en\/project\/opening\/\">Opening-Part 1 (Zug-Tour)<\/a><\/p>\n\n<p><a href=\"https:\/\/fdr.at\/en\/project\/opening-part-2-fdrtrain\/\">Opening-Part 2 (FDR*Zug)<\/a><\/p>\n\n<p><a href=\"https:\/\/fdr.at\/en\/project\/opening-act-horni-dvoriste\/\">Opening-Part 3 (Er\u00f6ffnungsakt)<\/a><\/p>\n\n<p><a href=\"https:\/\/fdr.at\/en\/project\/eroeffnungs-after-party\/\">Opening-Part 4 (After Party)<\/a><\/p>\n","protected":false},"excerpt":{"rendered":"<p>Click on the picture for fullscreen. Below you can also download the schedules. Opening + Special Train The Festival of Regions will open on Friday, June 23, 2023. For the very curious, there is a TRAIN TOUR starting from Linz Central Station from noon, where you can already take a look at some of the&#8230; <a class=\"read-more\" href=\"https:\/\/fdr.at\/en\/opening\/\">weiterlesen<\/a><\/p>\n","protected":false},"author":12,"featured_media":0,"parent":0,"menu_order":0,"comment_status":"closed","ping_status":"closed","template":"","meta":{"_acf_changed":false,"footnotes":""},"class_list":["post-71934","page","type-page","status-publish","hentry"],"acf":[],"yoast_head":"<!-- This site is optimized with the Yoast SEO plugin v27.4 - https:\/\/yoast.com\/product\/yoast-seo-wordpress\/ -->\n<title>Opening - Festival der Regionen<\/title>\n<meta name=\"robots\" content=\"index, follow, max-snippet:-1, max-image-preview:large, max-video-preview:-1\" \/>\n<link rel=\"canonical\" href=\"https:\/\/fdr.at\/en\/opening\/\" \/>\n<meta property=\"og:locale\" content=\"en_US\" \/>\n<meta property=\"og:type\" content=\"article\" \/>\n<meta property=\"og:title\" content=\"Opening - Festival der Regionen\" \/>\n<meta property=\"og:description\" content=\"Click on the picture for fullscreen. Below you can also download the schedules. Opening + Special Train The Festival of Regions will open on Friday, June 23, 2023. For the very curious, there is a TRAIN TOUR starting from Linz Central Station from noon, where you can already take a look at some of the... weiterlesen\" \/>\n<meta property=\"og:url\" content=\"https:\/\/fdr.at\/en\/opening\/\" \/>\n<meta property=\"og:site_name\" content=\"Festival der Regionen\" \/>\n<meta property=\"article:modified_time\" content=\"2023-06-22T11:11:30+00:00\" \/>\n<meta property=\"og:image\" content=\"https:\/\/fdr.at\/wp-content\/uploads\/2023\/06\/zug-tour-sujet.jpg\" \/>\n<meta name=\"twitter:card\" content=\"summary_large_image\" \/>\n<meta name=\"twitter:label1\" content=\"Est. reading time\" \/>\n\t<meta name=\"twitter:data1\" content=\"1 minute\" \/>\n<script type=\"application\/ld+json\" class=\"yoast-schema-graph\">{\"@context\":\"https:\\\/\\\/schema.org\",\"@graph\":[{\"@type\":\"WebPage\",\"@id\":\"https:\\\/\\\/fdr.at\\\/en\\\/opening\\\/\",\"url\":\"https:\\\/\\\/fdr.at\\\/en\\\/opening\\\/\",\"name\":\"Opening - Festival der Regionen\",\"isPartOf\":{\"@id\":\"https:\\\/\\\/fdr.at\\\/en\\\/#website\"},\"primaryImageOfPage\":{\"@id\":\"https:\\\/\\\/fdr.at\\\/en\\\/opening\\\/#primaryimage\"},\"image\":{\"@id\":\"https:\\\/\\\/fdr.at\\\/en\\\/opening\\\/#primaryimage\"},\"thumbnailUrl\":\"https:\\\/\\\/fdr.at\\\/wp-content\\\/uploads\\\/2023\\\/06\\\/zug-tour-sujet.jpg\",\"datePublished\":\"2023-06-09T16:11:44+00:00\",\"dateModified\":\"2023-06-22T11:11:30+00:00\",\"breadcrumb\":{\"@id\":\"https:\\\/\\\/fdr.at\\\/en\\\/opening\\\/#breadcrumb\"},\"inLanguage\":\"en-US\",\"potentialAction\":[{\"@type\":\"ReadAction\",\"target\":[\"https:\\\/\\\/fdr.at\\\/en\\\/opening\\\/\"]}]},{\"@type\":\"ImageObject\",\"inLanguage\":\"en-US\",\"@id\":\"https:\\\/\\\/fdr.at\\\/en\\\/opening\\\/#primaryimage\",\"url\":\"https:\\\/\\\/fdr.at\\\/wp-content\\\/uploads\\\/2023\\\/06\\\/zug-tour-sujet.jpg\",\"contentUrl\":\"https:\\\/\\\/fdr.at\\\/wp-content\\\/uploads\\\/2023\\\/06\\\/zug-tour-sujet.jpg\"},{\"@type\":\"BreadcrumbList\",\"@id\":\"https:\\\/\\\/fdr.at\\\/en\\\/opening\\\/#breadcrumb\",\"itemListElement\":[{\"@type\":\"ListItem\",\"position\":1,\"name\":\"Home\",\"item\":\"https:\\\/\\\/fdr.at\\\/en\\\/\"},{\"@type\":\"ListItem\",\"position\":2,\"name\":\"Opening\"}]},{\"@type\":\"WebSite\",\"@id\":\"https:\\\/\\\/fdr.at\\\/en\\\/#website\",\"url\":\"https:\\\/\\\/fdr.at\\\/en\\\/\",\"name\":\"Festival der Regionen\",\"description\":\"\",\"potentialAction\":[{\"@type\":\"SearchAction\",\"target\":{\"@type\":\"EntryPoint\",\"urlTemplate\":\"https:\\\/\\\/fdr.at\\\/en\\\/?s={search_term_string}\"},\"query-input\":{\"@type\":\"PropertyValueSpecification\",\"valueRequired\":true,\"valueName\":\"search_term_string\"}}],\"inLanguage\":\"en-US\"}]}<\/script>\n<!-- \/ Yoast SEO plugin. -->","yoast_head_json":{"title":"Opening - Festival der Regionen","robots":{"index":"index","follow":"follow","max-snippet":"max-snippet:-1","max-image-preview":"max-image-preview:large","max-video-preview":"max-video-preview:-1"},"canonical":"https:\/\/fdr.at\/en\/opening\/","og_locale":"en_US","og_type":"article","og_title":"Opening - Festival der Regionen","og_description":"Click on the picture for fullscreen. Below you can also download the schedules. Opening + Special Train The Festival of Regions will open on Friday, June 23, 2023. For the very curious, there is a TRAIN TOUR starting from Linz Central Station from noon, where you can already take a look at some of the... weiterlesen","og_url":"https:\/\/fdr.at\/en\/opening\/","og_site_name":"Festival der Regionen","article_modified_time":"2023-06-22T11:11:30+00:00","og_image":[{"url":"https:\/\/fdr.at\/wp-content\/uploads\/2023\/06\/zug-tour-sujet.jpg","type":"","width":"","height":""}],"twitter_card":"summary_large_image","twitter_misc":{"Est. reading time":"1 minute"},"schema":{"@context":"https:\/\/schema.org","@graph":[{"@type":"WebPage","@id":"https:\/\/fdr.at\/en\/opening\/","url":"https:\/\/fdr.at\/en\/opening\/","name":"Opening - Festival der Regionen","isPartOf":{"@id":"https:\/\/fdr.at\/en\/#website"},"primaryImageOfPage":{"@id":"https:\/\/fdr.at\/en\/opening\/#primaryimage"},"image":{"@id":"https:\/\/fdr.at\/en\/opening\/#primaryimage"},"thumbnailUrl":"https:\/\/fdr.at\/wp-content\/uploads\/2023\/06\/zug-tour-sujet.jpg","datePublished":"2023-06-09T16:11:44+00:00","dateModified":"2023-06-22T11:11:30+00:00","breadcrumb":{"@id":"https:\/\/fdr.at\/en\/opening\/#breadcrumb"},"inLanguage":"en-US","potentialAction":[{"@type":"ReadAction","target":["https:\/\/fdr.at\/en\/opening\/"]}]},{"@type":"ImageObject","inLanguage":"en-US","@id":"https:\/\/fdr.at\/en\/opening\/#primaryimage","url":"https:\/\/fdr.at\/wp-content\/uploads\/2023\/06\/zug-tour-sujet.jpg","contentUrl":"https:\/\/fdr.at\/wp-content\/uploads\/2023\/06\/zug-tour-sujet.jpg"},{"@type":"BreadcrumbList","@id":"https:\/\/fdr.at\/en\/opening\/#breadcrumb","itemListElement":[{"@type":"ListItem","position":1,"name":"Home","item":"https:\/\/fdr.at\/en\/"},{"@type":"ListItem","position":2,"name":"Opening"}]},{"@type":"WebSite","@id":"https:\/\/fdr.at\/en\/#website","url":"https:\/\/fdr.at\/en\/","name":"Festival der Regionen","description":"","potentialAction":[{"@type":"SearchAction","target":{"@type":"EntryPoint","urlTemplate":"https:\/\/fdr.at\/en\/?s={search_term_string}"},"query-input":{"@type":"PropertyValueSpecification","valueRequired":true,"valueName":"search_term_string"}}],"inLanguage":"en-US"}]}},"_links":{"self":[{"href":"https:\/\/fdr.at\/en\/wp-json\/wp\/v2\/pages\/71934","targetHints":{"allow":["GET"]}}],"collection":[{"href":"https:\/\/fdr.at\/en\/wp-json\/wp\/v2\/pages"}],"about":[{"href":"https:\/\/fdr.at\/en\/wp-json\/wp\/v2\/types\/page"}],"author":[{"embeddable":true,"href":"https:\/\/fdr.at\/en\/wp-json\/wp\/v2\/users\/12"}],"replies":[{"embeddable":true,"href":"https:\/\/fdr.at\/en\/wp-json\/wp\/v2\/comments?post=71934"}],"version-history":[{"count":3,"href":"https:\/\/fdr.at\/en\/wp-json\/wp\/v2\/pages\/71934\/revisions"}],"predecessor-version":[{"id":72934,"href":"https:\/\/fdr.at\/en\/wp-json\/wp\/v2\/pages\/71934\/revisions\/72934"}],"wp:attachment":[{"href":"https:\/\/fdr.at\/en\/wp-json\/wp\/v2\/media?parent=71934"}],"curies":[{"name":"wp","href":"https:\/\/api.w.org\/{rel}","templated":true}]}}