
{"id":71926,"date":"2023-06-09T18:04:39","date_gmt":"2023-06-09T16:04:39","guid":{"rendered":"https:\/\/fdr.at\/cooperations-2023-2\/"},"modified":"2023-06-09T18:04:39","modified_gmt":"2023-06-09T16:04:39","slug":"cooperations-2023-2","status":"publish","type":"page","link":"https:\/\/fdr.at\/en\/cooperations-2023-2\/","title":{"rendered":"Cooperations 2023"},"content":{"rendered":"\n<p><strong><a href=\"https:\/\/www.bewusstseinsregion.at\/\">Bewusstseinsregion<\/a><\/strong> (<em>Mauthausen &#8211; Gusen &#8211; St. Georgen<\/em>)<\/p>\n\n<p><strong><a href=\"https:\/\/dorftv.at\/\">DORFTV<\/a><\/strong><\/p>\n\n<p><strong><a href=\"https:\/\/www.frf.at\/\">Freies Radio Freistadt<\/a><\/strong><\/p>\n\n<p><strong><a href=\"https:\/\/klangfestival.at\/\">KLANGfolger<\/a><\/strong><\/p>\n\n<p><strong><a href=\"https:\/\/tribuene.at\/\">KV Trib\u00fcne<\/a><\/strong><\/p>\n\n<p><strong><a href=\"https:\/\/www.landgaenge.eu\/\">Landg\u00e4nge<\/a><\/strong><\/p>\n\n<p><strong><a href=\"https:\/\/www.local-buehne.at\/\">Local B\u00fchne Freistadt<\/a><\/strong><\/p>\n\n<p><strong><a href=\"https:\/\/www.schaexpir.at\/news.html\">Sch\u00e4xpir<\/a><\/strong><\/p>\n\n<p><strong><a href=\"https:\/\/tamlab.kunstuni-linz.at\/\">Tangible Music Lab<\/a> <\/strong>(Kunstuniversit\u00e4t Linz)<\/p>\n","protected":false},"excerpt":{"rendered":"<p>Bewusstseinsregion (Mauthausen &#8211; Gusen &#8211; St. Georgen) DORFTV Freies Radio Freistadt KLANGfolger KV Trib\u00fcne Landg\u00e4nge Local B\u00fchne Freistadt Sch\u00e4xpir Tangible Music Lab (Kunstuniversit\u00e4t Linz)<\/p>\n","protected":false},"author":1,"featured_media":0,"parent":0,"menu_order":0,"comment_status":"closed","ping_status":"closed","template":"","meta":{"_acf_changed":false,"footnotes":""},"class_list":["post-71926","page","type-page","status-publish","hentry"],"acf":[],"yoast_head":"<!-- This site is optimized with the Yoast SEO plugin v27.4 - https:\/\/yoast.com\/product\/yoast-seo-wordpress\/ -->\n<title>Cooperations 2023 - Festival der Regionen<\/title>\n<meta name=\"robots\" content=\"index, follow, max-snippet:-1, max-image-preview:large, max-video-preview:-1\" \/>\n<link rel=\"canonical\" href=\"https:\/\/fdr.at\/en\/cooperations-2023-2\/\" \/>\n<meta property=\"og:locale\" content=\"en_US\" \/>\n<meta property=\"og:type\" content=\"article\" \/>\n<meta property=\"og:title\" content=\"Cooperations 2023 - Festival der Regionen\" \/>\n<meta property=\"og:description\" content=\"Bewusstseinsregion (Mauthausen &#8211; Gusen &#8211; St. Georgen) DORFTV Freies Radio Freistadt KLANGfolger KV Trib\u00fcne Landg\u00e4nge Local B\u00fchne Freistadt Sch\u00e4xpir Tangible Music Lab (Kunstuniversit\u00e4t Linz)\" \/>\n<meta property=\"og:url\" content=\"https:\/\/fdr.at\/en\/cooperations-2023-2\/\" \/>\n<meta property=\"og:site_name\" content=\"Festival der Regionen\" \/>\n<meta name=\"twitter:card\" content=\"summary_large_image\" \/>\n<script type=\"application\/ld+json\" class=\"yoast-schema-graph\">{\"@context\":\"https:\\\/\\\/schema.org\",\"@graph\":[{\"@type\":\"WebPage\",\"@id\":\"https:\\\/\\\/fdr.at\\\/en\\\/cooperations-2023-2\\\/\",\"url\":\"https:\\\/\\\/fdr.at\\\/en\\\/cooperations-2023-2\\\/\",\"name\":\"Cooperations 2023 - Festival der Regionen\",\"isPartOf\":{\"@id\":\"https:\\\/\\\/fdr.at\\\/en\\\/#website\"},\"datePublished\":\"2023-06-09T16:04:39+00:00\",\"breadcrumb\":{\"@id\":\"https:\\\/\\\/fdr.at\\\/en\\\/cooperations-2023-2\\\/#breadcrumb\"},\"inLanguage\":\"en-US\",\"potentialAction\":[{\"@type\":\"ReadAction\",\"target\":[\"https:\\\/\\\/fdr.at\\\/en\\\/cooperations-2023-2\\\/\"]}]},{\"@type\":\"BreadcrumbList\",\"@id\":\"https:\\\/\\\/fdr.at\\\/en\\\/cooperations-2023-2\\\/#breadcrumb\",\"itemListElement\":[{\"@type\":\"ListItem\",\"position\":1,\"name\":\"Home\",\"item\":\"https:\\\/\\\/fdr.at\\\/en\\\/\"},{\"@type\":\"ListItem\",\"position\":2,\"name\":\"Cooperations 2023\"}]},{\"@type\":\"WebSite\",\"@id\":\"https:\\\/\\\/fdr.at\\\/en\\\/#website\",\"url\":\"https:\\\/\\\/fdr.at\\\/en\\\/\",\"name\":\"Festival der Regionen\",\"description\":\"\",\"potentialAction\":[{\"@type\":\"SearchAction\",\"target\":{\"@type\":\"EntryPoint\",\"urlTemplate\":\"https:\\\/\\\/fdr.at\\\/en\\\/?s={search_term_string}\"},\"query-input\":{\"@type\":\"PropertyValueSpecification\",\"valueRequired\":true,\"valueName\":\"search_term_string\"}}],\"inLanguage\":\"en-US\"}]}<\/script>\n<!-- \/ Yoast SEO plugin. -->","yoast_head_json":{"title":"Cooperations 2023 - Festival der Regionen","robots":{"index":"index","follow":"follow","max-snippet":"max-snippet:-1","max-image-preview":"max-image-preview:large","max-video-preview":"max-video-preview:-1"},"canonical":"https:\/\/fdr.at\/en\/cooperations-2023-2\/","og_locale":"en_US","og_type":"article","og_title":"Cooperations 2023 - Festival der Regionen","og_description":"Bewusstseinsregion (Mauthausen &#8211; Gusen &#8211; St. Georgen) DORFTV Freies Radio Freistadt KLANGfolger KV Trib\u00fcne Landg\u00e4nge Local B\u00fchne Freistadt Sch\u00e4xpir Tangible Music Lab (Kunstuniversit\u00e4t Linz)","og_url":"https:\/\/fdr.at\/en\/cooperations-2023-2\/","og_site_name":"Festival der Regionen","twitter_card":"summary_large_image","schema":{"@context":"https:\/\/schema.org","@graph":[{"@type":"WebPage","@id":"https:\/\/fdr.at\/en\/cooperations-2023-2\/","url":"https:\/\/fdr.at\/en\/cooperations-2023-2\/","name":"Cooperations 2023 - Festival der Regionen","isPartOf":{"@id":"https:\/\/fdr.at\/en\/#website"},"datePublished":"2023-06-09T16:04:39+00:00","breadcrumb":{"@id":"https:\/\/fdr.at\/en\/cooperations-2023-2\/#breadcrumb"},"inLanguage":"en-US","potentialAction":[{"@type":"ReadAction","target":["https:\/\/fdr.at\/en\/cooperations-2023-2\/"]}]},{"@type":"BreadcrumbList","@id":"https:\/\/fdr.at\/en\/cooperations-2023-2\/#breadcrumb","itemListElement":[{"@type":"ListItem","position":1,"name":"Home","item":"https:\/\/fdr.at\/en\/"},{"@type":"ListItem","position":2,"name":"Cooperations 2023"}]},{"@type":"WebSite","@id":"https:\/\/fdr.at\/en\/#website","url":"https:\/\/fdr.at\/en\/","name":"Festival der Regionen","description":"","potentialAction":[{"@type":"SearchAction","target":{"@type":"EntryPoint","urlTemplate":"https:\/\/fdr.at\/en\/?s={search_term_string}"},"query-input":{"@type":"PropertyValueSpecification","valueRequired":true,"valueName":"search_term_string"}}],"inLanguage":"en-US"}]}},"_links":{"self":[{"href":"https:\/\/fdr.at\/en\/wp-json\/wp\/v2\/pages\/71926","targetHints":{"allow":["GET"]}}],"collection":[{"href":"https:\/\/fdr.at\/en\/wp-json\/wp\/v2\/pages"}],"about":[{"href":"https:\/\/fdr.at\/en\/wp-json\/wp\/v2\/types\/page"}],"author":[{"embeddable":true,"href":"https:\/\/fdr.at\/en\/wp-json\/wp\/v2\/users\/1"}],"replies":[{"embeddable":true,"href":"https:\/\/fdr.at\/en\/wp-json\/wp\/v2\/comments?post=71926"}],"version-history":[{"count":1,"href":"https:\/\/fdr.at\/en\/wp-json\/wp\/v2\/pages\/71926\/revisions"}],"predecessor-version":[{"id":71927,"href":"https:\/\/fdr.at\/en\/wp-json\/wp\/v2\/pages\/71926\/revisions\/71927"}],"wp:attachment":[{"href":"https:\/\/fdr.at\/en\/wp-json\/wp\/v2\/media?parent=71926"}],"curies":[{"name":"wp","href":"https:\/\/api.w.org\/{rel}","templated":true}]}}