
{"id":71924,"date":"2023-06-09T18:03:03","date_gmt":"2023-06-09T16:03:03","guid":{"rendered":"https:\/\/fdr.at\/artists-initiatives\/"},"modified":"2023-06-09T18:03:03","modified_gmt":"2023-06-09T16:03:03","slug":"artists-initiatives","status":"publish","type":"page","link":"https:\/\/fdr.at\/en\/artists-initiatives\/","title":{"rendered":"Artists &#038; Initiatives"},"content":{"rendered":"\n<p>*<\/p>\n\n<p><a href=\"https:\/\/fdr.at\/en\/project\/frauentor-besetzung-und-frauengassen-fest\/\"><strong>Aktionsgruppe<\/strong> <strong>Fraustadt Freistadt<\/strong><\/a><strong>: <\/strong>Elvira Fleischanderl, Hedi Hofstadler, Christine Lasinger, Heidemarie P\u00f6schko, Julia Schober, Barbara Tr\u00f6ls &amp; Conny Wernitznig<\/p>\n\n<p>*<\/p>\n\n<p><strong><a href=\"https:\/\/fdr.at\/en\/project\/we-will-live-forever\/\">anGie seah<\/a><\/strong><\/p>\n\n<p>*<\/p>\n\n<p><strong><strong><a href=\"https:\/\/fdr.at\/en\/project\/in-zeiten-wie-diesen\/\">Nika Autor, Zhanna Kadyrova<strong><strong><a href=\"https:\/\/fdr.at\/en\/project\/in-zeiten-wie-diesen\/\">, Peter Fritzenwallner<\/a><\/strong><\/strong> &amp; Wolfgang Obermair<\/a><\/strong><\/strong><\/p>\n\n<p>*<\/p>\n\n<p><strong><a href=\"https:\/\/fdr.at\/en\/project\/dead-monster-game\/\">Anatoly Belov<\/a><\/strong><\/p>\n\n<p>*<\/p>\n\n<p><strong><a href=\"https:\/\/fdr.at\/en\/project\/organ-orgel\/\">Tom Bogaert<\/a><\/strong><\/p>\n\n<p>*<\/p>\n\n<p><strong><a href=\"https:\/\/fdr.at\/en\/project\/print-glory\/\">Marek Bors\u00e1nyi<\/a><\/strong><\/p>\n\n<p>*<\/p>\n\n<p><strong><a href=\"https:\/\/fdr.at\/en\/project\/manifesting-earthly-survival\/\">S()fia Braga<\/a><\/strong><\/p>\n\n<p>*<\/p>\n\n<p><strong><a href=\"https:\/\/fdr.at\/en\/project\/plasticphonia\/\">CRYSTN HUNT AKRON<\/a><\/strong><\/p>\n\n<p>*<\/p>\n\n<p><strong><a href=\"https:\/\/fdr.at\/en\/project\/es-war-einmal-ein-sehr-alter-stau\/\">Fran\u00e7ois Davin<\/a><\/strong><\/p>\n\n<p>*<\/p>\n\n<p><strong><a href=\"https:\/\/fdr.at\/en\/project\/30-jahre-festival-der-regionen\/\">Gerhard Dirmoser &amp; Gerald Priewasser-H\u00f6ller <\/a><\/strong><\/p>\n\n<p>*<\/p>\n\n<p><a href=\"https:\/\/fdr.at\/en\/project\/familiar-strangers\/\"><strong>diverCITYLAB<\/strong>: <\/a>Elif Duygu, Uwe Felchle, Asl\u0131 K\u0131\u015flal &amp; Anna Schober<\/p>\n\n<p>*<\/p>\n\n<p><strong><a href=\"https:\/\/fdr.at\/en\/project\/wir-sind-am-zug\/\">DORFTV: <\/a><\/strong>Bibi Finster, Anna Friedinger &amp; Georg Ritter u.A.<\/p>\n\n<p>*<\/p>\n\n<p><strong><a href=\"https:\/\/fdr.at\/en\/project\/hyper-taste\/\">Sarah Katharina Eder &amp; David Kapl <\/a><\/strong><\/p>\n\n<p>*<\/p>\n\n<p><strong><a href=\"https:\/\/fdr.at\/en\/project\/kollektives-warten-in-extremwetterlage\/\">Markus Hiesleitner &amp; Klara Paterok<\/a><\/strong><\/p>\n\n<p>*<\/p>\n\n<p><strong><a href=\"https:\/\/fdr.at\/en\/project\/mind-the-gap\/\">Sophia <strong>Hochedlinger<\/strong>, Leah Hochedlinger &amp; Gerald Harringer<\/a><\/strong><\/p>\n\n<p>*<\/p>\n\n<p><strong><a href=\"https:\/\/fdr.at\/en\/project\/30mobile-druckwerkstatt\/\">Dagmar H\u00f6ss<\/a><\/strong><\/p>\n\n<p>*<\/p>\n\n<p><a href=\"https:\/\/fdr.at\/en\/project\/klangfestival\/\"><strong>KLANGfolger<\/strong><\/a><\/p>\n\n<p>*<\/p>\n\n<p><strong><a href=\"https:\/\/fdr.at\/en\/project\/an-meinen-haaren-moecht-ich-sterben\/\">Peter Kozek, Vanessa Mazanik &amp; Florian Ronc<\/a><\/strong><\/p>\n\n<p>*<\/p>\n\n<p><strong><a href=\"https:\/\/fdr.at\/en\/project\/veglab\/\">Stefan Kreiner, Juliane Kreiner &amp; Johann Moser<\/a><\/strong><\/p>\n\n<p>*<\/p>\n\n<p><strong><a href=\"https:\/\/fdr.at\/en\/project\/zug-um-zug-der-erste-zug\/\">Olivia Kudlich &amp; Bastian Lehner<\/a><\/strong><\/p>\n\n<p>*<\/p>\n\n<p><strong><a href=\"https:\/\/fdr.at\/en\/project\/zug-ende\/\">Martin Lasinger<\/a><\/strong><\/p>\n\n<p>*<\/p>\n\n<p><strong><a href=\"https:\/\/fdr.at\/en\/project\/time-play\/\">LAP: Dafne Maes, Dana\u00e9 Bosman,<\/a><\/strong> Linde Carrijn, Magali Casters, Lara Deruyter &amp; Elise Goedgezelschap<\/p>\n\n<p>*<\/p>\n\n<p><strong><a href=\"https:\/\/fdr.at\/en\/project\/a-reminder-of-being-constructed\/\">Kateryna Lysovenko<\/a><\/strong><\/p>\n\n<p>*<\/p>\n\n<p><strong><a href=\"https:\/\/fdr.at\/en\/project\/baugeruest\/\">Pia Mayrw\u00f6ger<\/a><\/strong><\/p>\n\n<p>*<\/p>\n\n<p><strong><a href=\"https:\/\/fdr.at\/en\/project\/mind-the-gap\/\">Susanna Melem &amp; Severin Standhartinger<\/a><\/strong><\/p>\n\n<p>*<\/p>\n\n<p><strong><a href=\"https:\/\/fdr.at\/en\/project\/hijab-offline\/\">Shahrzad Nazarpour &amp; Dschungel Wien<\/a><\/strong><\/p>\n\n<p>*<\/p>\n\n<p><strong><a href=\"https:\/\/fdr.at\/en\/project\/landgaenge-2023-vor-bei\/\">Landg\u00e4nge*n:eam<\/a><\/strong><\/p>\n\n<p>*<\/p>\n\n<p><a href=\"https:\/\/fdr.at\/en\/project\/endstation\/\"><strong>NGGB:<\/strong> Gudrun Rath, Nils Olger &amp; Ren\u00e9e Winter<\/a><\/p>\n\n<p>*<\/p>\n\n<p><a href=\"https:\/\/fdr.at\/en\/project\/garden_networks\/\"><strong>Node9: <\/strong>Nikola Brabcov\u00e1 &amp; Karin \u0160ruba\u0159ov\u00e1, Michael Klodner, Aliaksandra Yakubouskaya &amp; Alo\u00efs Yang<\/a><\/p>\n\n<p>*<\/p>\n\n<p><strong><a href=\"https:\/\/fdr.at\/en\/project\/festival-trailer\/\">Sara Pi\u00f1eros<\/a><\/strong><\/p>\n\n<p>*<\/p>\n\n<p class=\"has-text-align-left\"><a href=\"https:\/\/fdr.at\/en\/project\/zuegige-visionen\/\"><strong>Alja Piry<\/strong>, <strong>Regina Picker &amp;<\/strong> <strong>Lucie Kaiserov\u00e1<\/strong><\/a><\/p>\n\n<p>*<\/p>\n\n<p><strong><a href=\"https:\/\/fdr.at\/en\/project\/die-zukunft-beginnt-heute\/\">Ursula Maria Probst,<\/a><\/strong> Sr\u00e1\u010d Sam presented by Denisa Bytelov\u00e1, Solarmanufaktur\/Expanded Garden Steyregg (Irene Lucas &amp; Christoph Euler), Katerina Hol\u00e0 (Klimagerechtigkeitsbewegung Limity Jsme My\/We are the Limits), Artists for Future, Huda Takriti, Cristina Ochoa, Imran Khan, Janani Cooray, Oliver Ressler, Anna Mutschlechner-Dean, Where Dogs Run (Natalia Grekhova, Alexey Korzukhin, Olga Inozemtseva), Transcultural Emancipation. <\/p>\n\n<p>*<\/p>\n\n<p><strong><a href=\"https:\/\/fdr.at\/en\/project\/indigo-hyphae\/\">Mika Satomi<\/a><\/strong><\/p>\n\n<p>*<\/p>\n\n<p><strong><a href=\"https:\/\/fdr.at\/en\/project\/skills-tools-a-guidebook\/\">Isa Schieche,<\/a><\/strong><a href=\"https:\/\/fdr.at\/en\/project\/skills-tools-a-guidebook\/\"> Lisa Klosterk\u00f6tter, Oskar Mayb\u00f6ck, Helen Weber &amp; Milou van Duijnhoven<\/a><\/p>\n\n<p>*<\/p>\n\n<p><strong><a href=\"https:\/\/fdr.at\/en\/project\/geschichte-im-gespraech\/\">Wolfgang Schmutz<\/a><\/strong><\/p>\n\n<p>*<\/p>\n\n<p><strong><a href=\"https:\/\/fdr.at\/en\/project\/water-research-water-bar\/\">Sladovna P\u00edsek: <\/a><\/strong><a href=\"https:\/\/fdr.at\/en\/project\/water-research-water-bar\/\">Adam Langer, Kl\u00e1ra Mathieu &amp; Tom\u00e1\u0161 \u017di\u017eka<\/a><\/p>\n\n<p>*<\/p>\n\n<p><strong><a href=\"https:\/\/fdr.at\/en\/project\/eine-bahnreise-durch-die-filmgeschichte\/\">Wolfgang Steininger<\/a><\/strong><\/p>\n\n<p>*<\/p>\n\n<p><strong><a href=\"https:\/\/fdr.at\/en\/project\/free-stock-sport\/\">Clemens St\u00f6ttinger<\/a><\/strong><\/p>\n\n<p>*<\/p>\n\n<p><strong><a href=\"https:\/\/fdr.at\/en\/project\/steel-rings\/\">Rayyane Tabet<\/a><\/strong><\/p>\n\n<p>*<\/p>\n\n<p><strong><a href=\"https:\/\/fdr.at\/en\/project\/tangible-music\/\">Tangible Music Lab<\/a><\/strong><\/p>\n\n<p>*<\/p>\n\n<p><strong><a href=\"https:\/\/fdr.at\/en\/project\/giveaways-hideaways\/\">Antoine Turillon &amp; Seth Weiner<\/a><\/strong><\/p>\n\n<p>*<\/p>\n\n<p><strong><a href=\"https:\/\/fdr.at\/en\/project\/turn-table-tennis-on-the-track\/\">Felix f!no Vierlinger,<\/a><\/strong><a href=\"https:\/\/fdr.at\/en\/project\/turn-table-tennis-on-the-track\/\"> Mement Acuma, Fabian Holzinger &amp; Angelika Katzinger<\/a><\/p>\n\n<p>*<\/p>\n","protected":false},"excerpt":{"rendered":"<p>* Aktionsgruppe Fraustadt Freistadt: Elvira Fleischanderl, Hedi Hofstadler, Christine Lasinger, Heidemarie P\u00f6schko, Julia Schober, Barbara Tr\u00f6ls &amp; Conny Wernitznig * anGie seah * Nika Autor, Zhanna Kadyrova, Peter Fritzenwallner &amp; Wolfgang Obermair * Anatoly Belov * Tom Bogaert * Marek Bors\u00e1nyi * S()fia Braga * CRYSTN HUNT AKRON * Fran\u00e7ois Davin * Gerhard Dirmoser &amp;&#8230; <a class=\"read-more\" href=\"https:\/\/fdr.at\/en\/artists-initiatives\/\">weiterlesen<\/a><\/p>\n","protected":false},"author":1,"featured_media":0,"parent":0,"menu_order":0,"comment_status":"closed","ping_status":"closed","template":"","meta":{"_acf_changed":false,"footnotes":""},"class_list":["post-71924","page","type-page","status-publish","hentry"],"acf":[],"yoast_head":"<!-- This site is optimized with the Yoast SEO plugin v27.4 - https:\/\/yoast.com\/product\/yoast-seo-wordpress\/ -->\n<title>Artists &amp; Initiatives - Festival der Regionen<\/title>\n<meta name=\"robots\" content=\"index, follow, max-snippet:-1, max-image-preview:large, max-video-preview:-1\" \/>\n<link rel=\"canonical\" href=\"https:\/\/fdr.at\/en\/artists-initiatives\/\" \/>\n<meta property=\"og:locale\" content=\"en_US\" \/>\n<meta property=\"og:type\" content=\"article\" \/>\n<meta property=\"og:title\" content=\"Artists &amp; Initiatives - Festival der Regionen\" \/>\n<meta property=\"og:description\" content=\"* Aktionsgruppe Fraustadt Freistadt: Elvira Fleischanderl, Hedi Hofstadler, Christine Lasinger, Heidemarie P\u00f6schko, Julia Schober, Barbara Tr\u00f6ls &amp; Conny Wernitznig * anGie seah * Nika Autor, Zhanna Kadyrova, Peter Fritzenwallner &amp; Wolfgang Obermair * Anatoly Belov * Tom Bogaert * Marek Bors\u00e1nyi * S()fia Braga * CRYSTN HUNT AKRON * Fran\u00e7ois Davin * Gerhard Dirmoser &amp;... weiterlesen\" \/>\n<meta property=\"og:url\" content=\"https:\/\/fdr.at\/en\/artists-initiatives\/\" \/>\n<meta property=\"og:site_name\" content=\"Festival der Regionen\" \/>\n<meta name=\"twitter:card\" content=\"summary_large_image\" \/>\n<meta name=\"twitter:label1\" content=\"Est. reading time\" \/>\n\t<meta name=\"twitter:data1\" content=\"1 minute\" \/>\n<script type=\"application\/ld+json\" class=\"yoast-schema-graph\">{\"@context\":\"https:\\\/\\\/schema.org\",\"@graph\":[{\"@type\":\"WebPage\",\"@id\":\"https:\\\/\\\/fdr.at\\\/en\\\/artists-initiatives\\\/\",\"url\":\"https:\\\/\\\/fdr.at\\\/en\\\/artists-initiatives\\\/\",\"name\":\"Artists & Initiatives - Festival der Regionen\",\"isPartOf\":{\"@id\":\"https:\\\/\\\/fdr.at\\\/en\\\/#website\"},\"datePublished\":\"2023-06-09T16:03:03+00:00\",\"breadcrumb\":{\"@id\":\"https:\\\/\\\/fdr.at\\\/en\\\/artists-initiatives\\\/#breadcrumb\"},\"inLanguage\":\"en-US\",\"potentialAction\":[{\"@type\":\"ReadAction\",\"target\":[\"https:\\\/\\\/fdr.at\\\/en\\\/artists-initiatives\\\/\"]}]},{\"@type\":\"BreadcrumbList\",\"@id\":\"https:\\\/\\\/fdr.at\\\/en\\\/artists-initiatives\\\/#breadcrumb\",\"itemListElement\":[{\"@type\":\"ListItem\",\"position\":1,\"name\":\"Home\",\"item\":\"https:\\\/\\\/fdr.at\\\/en\\\/\"},{\"@type\":\"ListItem\",\"position\":2,\"name\":\"Artists &#038; Initiatives\"}]},{\"@type\":\"WebSite\",\"@id\":\"https:\\\/\\\/fdr.at\\\/en\\\/#website\",\"url\":\"https:\\\/\\\/fdr.at\\\/en\\\/\",\"name\":\"Festival der Regionen\",\"description\":\"\",\"potentialAction\":[{\"@type\":\"SearchAction\",\"target\":{\"@type\":\"EntryPoint\",\"urlTemplate\":\"https:\\\/\\\/fdr.at\\\/en\\\/?s={search_term_string}\"},\"query-input\":{\"@type\":\"PropertyValueSpecification\",\"valueRequired\":true,\"valueName\":\"search_term_string\"}}],\"inLanguage\":\"en-US\"}]}<\/script>\n<!-- \/ Yoast SEO plugin. -->","yoast_head_json":{"title":"Artists & Initiatives - Festival der Regionen","robots":{"index":"index","follow":"follow","max-snippet":"max-snippet:-1","max-image-preview":"max-image-preview:large","max-video-preview":"max-video-preview:-1"},"canonical":"https:\/\/fdr.at\/en\/artists-initiatives\/","og_locale":"en_US","og_type":"article","og_title":"Artists & Initiatives - Festival der Regionen","og_description":"* Aktionsgruppe Fraustadt Freistadt: Elvira Fleischanderl, Hedi Hofstadler, Christine Lasinger, Heidemarie P\u00f6schko, Julia Schober, Barbara Tr\u00f6ls &amp; Conny Wernitznig * anGie seah * Nika Autor, Zhanna Kadyrova, Peter Fritzenwallner &amp; Wolfgang Obermair * Anatoly Belov * Tom Bogaert * Marek Bors\u00e1nyi * S()fia Braga * CRYSTN HUNT AKRON * Fran\u00e7ois Davin * Gerhard Dirmoser &amp;... weiterlesen","og_url":"https:\/\/fdr.at\/en\/artists-initiatives\/","og_site_name":"Festival der Regionen","twitter_card":"summary_large_image","twitter_misc":{"Est. reading time":"1 minute"},"schema":{"@context":"https:\/\/schema.org","@graph":[{"@type":"WebPage","@id":"https:\/\/fdr.at\/en\/artists-initiatives\/","url":"https:\/\/fdr.at\/en\/artists-initiatives\/","name":"Artists & Initiatives - Festival der Regionen","isPartOf":{"@id":"https:\/\/fdr.at\/en\/#website"},"datePublished":"2023-06-09T16:03:03+00:00","breadcrumb":{"@id":"https:\/\/fdr.at\/en\/artists-initiatives\/#breadcrumb"},"inLanguage":"en-US","potentialAction":[{"@type":"ReadAction","target":["https:\/\/fdr.at\/en\/artists-initiatives\/"]}]},{"@type":"BreadcrumbList","@id":"https:\/\/fdr.at\/en\/artists-initiatives\/#breadcrumb","itemListElement":[{"@type":"ListItem","position":1,"name":"Home","item":"https:\/\/fdr.at\/en\/"},{"@type":"ListItem","position":2,"name":"Artists &#038; Initiatives"}]},{"@type":"WebSite","@id":"https:\/\/fdr.at\/en\/#website","url":"https:\/\/fdr.at\/en\/","name":"Festival der Regionen","description":"","potentialAction":[{"@type":"SearchAction","target":{"@type":"EntryPoint","urlTemplate":"https:\/\/fdr.at\/en\/?s={search_term_string}"},"query-input":{"@type":"PropertyValueSpecification","valueRequired":true,"valueName":"search_term_string"}}],"inLanguage":"en-US"}]}},"_links":{"self":[{"href":"https:\/\/fdr.at\/en\/wp-json\/wp\/v2\/pages\/71924","targetHints":{"allow":["GET"]}}],"collection":[{"href":"https:\/\/fdr.at\/en\/wp-json\/wp\/v2\/pages"}],"about":[{"href":"https:\/\/fdr.at\/en\/wp-json\/wp\/v2\/types\/page"}],"author":[{"embeddable":true,"href":"https:\/\/fdr.at\/en\/wp-json\/wp\/v2\/users\/1"}],"replies":[{"embeddable":true,"href":"https:\/\/fdr.at\/en\/wp-json\/wp\/v2\/comments?post=71924"}],"version-history":[{"count":1,"href":"https:\/\/fdr.at\/en\/wp-json\/wp\/v2\/pages\/71924\/revisions"}],"predecessor-version":[{"id":71925,"href":"https:\/\/fdr.at\/en\/wp-json\/wp\/v2\/pages\/71924\/revisions\/71925"}],"wp:attachment":[{"href":"https:\/\/fdr.at\/en\/wp-json\/wp\/v2\/media?parent=71924"}],"curies":[{"name":"wp","href":"https:\/\/api.w.org\/{rel}","templated":true}]}}